{"id":4449,"date":"2023-07-31T17:45:35","date_gmt":"2023-07-31T15:45:35","guid":{"rendered":"https:\/\/laborreagenzien.ch\/registrazione\/"},"modified":"2023-09-05T15:21:38","modified_gmt":"2023-09-05T13:21:38","slug":"enregistrement","status":"publish","type":"page","link":"https:\/\/laborreagenzien.ch\/fr\/enregistrement\/","title":{"rendered":"Enregistrement de l&rsquo;utilisateur"},"content":{"rendered":"<div id=\"gspb_row-id-gsbp-12845637-aff9\" class=\"gspb_row gspb_row-id-gsbp-12845637-aff9 wp-block-greenshift-blocks-row gspb_row-id-gsbp-12845637-aff9\"><div class=\"gspb_row__content\"> <div id=\"gspb_col-id-gsbp-036fee51-3c9e\" class=\"gspb_row__col--12 wp-block-greenshift-blocks-row-column  gspb_col-id-gsbp-036fee51-3c9e\"><h1 id=\"gspb_heading-id-gsbp-148b2785-e2cf\" class=\"gspb_heading gspb_heading-id-gsbp-148b2785-e2cf \">Enregistrement de l&rsquo;utilisateur<\/h1>\n\n<p><strong>Si vous \u00eates d\u00e9j\u00e0 client ECSA<\/strong>, pour vous inscrire saisissez d&rsquo;abord votre num\u00e9ro de TVA et votre num\u00e9ro client. <br>Si vous ne connaissez pas votre num\u00e9ro client, veuillez contacter notre <a href=\"https:\/\/laborreagenzien.ch\/fr\/contact\/\">service clients<\/a> pour le demander.<\/p>\n\n<div id=\"gspb_container-id-gsbp-7e172aab-4265\" class=\"gspb_container gspb_container-gsbp-7e172aab-4265 wp-block-greenshift-blocks-container woocommerce\">\r\n<form method=\"post\" enctype=\"multipart\/form-data\" class=\"woocommerce-form woocommerce-form-register register afrfb-form-register\"  >\r\n\r\n\t<input type=\"hidden\" id=\"afrfb_nonce\" name=\"afrfb_nonce\" value=\"80e9c1d27d\" \/><input type=\"hidden\" name=\"_wp_http_referer\" value=\"\/fr\/wp-json\/wp\/v2\/pages\/4449\" \/>\r\n\t\r\n\t<span class=\"ecsa-to-delete\"><\/span>\r\n\t<input type=\"hidden\" name=\"form_id\" value=\"4439\">\r\n\r\n\t<p class=\"form-row form-row-wide validate-required\" id=\"billing_piva_field\" data-priority=\"\"><label for=\"billing_piva\" class=\"\">TVA&nbsp;<abbr class=\"required\" title=\"obligatoire\">*<\/abbr><\/label><span class=\"woocommerce-input-wrapper\"><input type=\"text\" class=\"input-text \" name=\"billing_piva\" id=\"billing_piva\" placeholder=\" Par exemple : &quot;CHE-123.123.123&quot;\"  value=\"\" aria-required=\"true\" \/><\/span><\/p><p class=\"form-row form-row-wide\" id=\"billing_codice_cliente_form_field\" data-priority=\"\"><label for=\"billing_codice_cliente_form\" class=\"\">Code client <span class=\"form-opzione\">(Facultatif. Pour les clients ECSA : saisissez le code client pour reconna\u00eetre le moyen de paiement)<\/span>&nbsp;<span class=\"optional\">(facultatif)<\/span><\/label><span class=\"woocommerce-input-wrapper\"><input type=\"text\" class=\"input-text \" name=\"billing_codice_cliente_form\" id=\"billing_codice_cliente_form\" placeholder=\"\"  value=\"\"  \/><\/span><\/p><p class=\"form-row form-row-half validate-required\" id=\"first_name_field\" data-priority=\"\"><label for=\"first_name\" class=\"\">Pr\u00e9nom&nbsp;<abbr class=\"required\" title=\"obligatoire\">*<\/abbr><\/label><span class=\"woocommerce-input-wrapper\"><input type=\"text\" class=\"input-text \" name=\"first_name\" id=\"first_name\" placeholder=\"\"  value=\"\" aria-required=\"true\" \/><\/span><\/p><p class=\"form-row form-row-half validate-required\" id=\"last_name_field\" data-priority=\"\"><label for=\"last_name\" class=\"\">Nom de famille&nbsp;<abbr class=\"required\" title=\"obligatoire\">*<\/abbr><\/label><span class=\"woocommerce-input-wrapper\"><input type=\"text\" class=\"input-text \" name=\"last_name\" id=\"last_name\" placeholder=\"\"  value=\"\" aria-required=\"true\" \/><\/span><\/p><p class=\"form-row form-row-wide validate-required\" id=\"email_field\" data-priority=\"\"><label for=\"email\" class=\"\">Email&nbsp;<abbr class=\"required\" title=\"obligatoire\">*<\/abbr><\/label><span class=\"woocommerce-input-wrapper\"><input type=\"email\" class=\"input-text \" name=\"email\" id=\"email\" placeholder=\"\"  value=\"\" aria-required=\"true\" \/><\/span><\/p><p class=\"form-row form-row-wide validate-required\" id=\"password_field\" data-priority=\"\"><label for=\"password\" class=\"\">Mot de passe&nbsp;<abbr class=\"required\" title=\"obligatoire\">*<\/abbr><\/label><span class=\"woocommerce-input-wrapper\"><input type=\"password\" class=\"input-text \" name=\"password\" id=\"password\" placeholder=\"\"  value=\"\" aria-required=\"true\" \/><\/span><\/p><p class=\"form-row form-row-wide\" id=\"conferma_password_field\" data-priority=\"\"><label for=\"conferma_password\" class=\"\">Confirmer le mot de passe&nbsp;<span class=\"optional\">(facultatif)<\/span><\/label><span class=\"woocommerce-input-wrapper\"><input type=\"password\" class=\"input-text \" name=\"conferma_password\" id=\"conferma_password\" placeholder=\"\"  value=\"\"  \/><\/span><\/p><p class=\"form-row form-row-wide validate-required\" id=\"billing_company_field\" data-priority=\"\"><label for=\"billing_company\" class=\"\">Soci\u00e9t\u00e9&nbsp;<abbr class=\"required\" title=\"obligatoire\">*<\/abbr><\/label><span class=\"woocommerce-input-wrapper\"><input type=\"text\" class=\"input-text \" name=\"billing_company\" id=\"billing_company\" placeholder=\"\"  value=\"\" aria-required=\"true\" \/><\/span><\/p><p class=\"form-row form-row-wide validate-required\" id=\"afrfb_field_4792_field\" data-priority=\"\"><label for=\"afrfb_field_4792\" class=\"\">Cat\u00e9gorie&nbsp;<abbr class=\"required\" title=\"obligatoire\">*<\/abbr><\/label><span class=\"woocommerce-input-wrapper\"><select name=\"afrfb_field_4792\" id=\"afrfb_field_4792\" class=\"select \" aria-required=\"true\" data-placeholder=\"\">\n\t\t\t\t\t\t\t<option value=\"Activit\u00e9s_mini\u00e8res\" >Activit\u00e9s mini\u00e8res<\/option><option value=\"Alimentation_humaine_et_animale\" >Alimentation humaine et animale<\/option><option value=\"Caoutchouc_et_plastiques\" >Caoutchouc et plastiques<\/option><option value=\"Laboratoires\" >Laboratoires<\/option><option value=\"M\u00e9taux_pr\u00e9cieux\" >M\u00e9taux pr\u00e9cieux<\/option><option value=\"Nettoyage\" >Nettoyage<\/option><option value=\"Produits_de_beaut\u00e9\" >Produits de beaut\u00e9<\/option><option value=\"Produits_pharmaceutiques_et_nutraceutiques\" >Produits pharmaceutiques et nutraceutiques<\/option><option value=\"Saveurs_et_parfums\" >Saveurs et parfums<\/option><option value=\"Textiles_&amp;_Cuir\" >Textiles &amp; Cuir<\/option><option value=\"Traitement_de_l&#039;eau\" >Traitement de l&#039;eau<\/option><option value=\"Traitement_des_m\u00e9taux\" >Traitement des m\u00e9taux<\/option>\n\t\t\t\t\t\t<\/select><\/span><\/p><p class=\"form-row form-row-wide validate-required\" id=\"billing_country_field\" data-priority=\"\"><label for=\"billing_country\" class=\"\">Pays&nbsp;<abbr class=\"required\" title=\"obligatoire\">*<\/abbr><\/label><span class=\"woocommerce-input-wrapper\"><strong>Suisse<\/strong><input type=\"hidden\" name=\"billing_country\" id=\"billing_country\" value=\"CH\" aria-required=\"true\" class=\"country_to_state\" readonly=\"readonly\" \/><\/span><\/p><p class=\"form-row form-row-half validate-required\" id=\"billing_city_field\" data-priority=\"\"><label for=\"billing_city\" class=\"\">Ville&nbsp;<abbr class=\"required\" title=\"obligatoire\">*<\/abbr><\/label><span class=\"woocommerce-input-wrapper\"><input type=\"text\" class=\"input-text \" name=\"billing_city\" id=\"billing_city\" placeholder=\"\"  value=\"\" aria-required=\"true\" \/><\/span><\/p><p class=\"form-row form-row-half validate-required\" id=\"billing_postcode_field\" data-priority=\"\"><label for=\"billing_postcode\" class=\"\">Code Postal&nbsp;<abbr class=\"required\" title=\"obligatoire\">*<\/abbr><\/label><span class=\"woocommerce-input-wrapper\"><input type=\"text\" class=\"input-text \" name=\"billing_postcode\" id=\"billing_postcode\" placeholder=\"par ex. &quot;8000&quot;\"  value=\"\" aria-required=\"true\" \/><\/span><\/p><p class=\"form-row form-row-wide validate-required\" id=\"billing_address_1_field\" data-priority=\"\"><label for=\"billing_address_1\" class=\"\">Addresse&nbsp;<abbr class=\"required\" title=\"obligatoire\">*<\/abbr><\/label><span class=\"woocommerce-input-wrapper\"><input type=\"text\" class=\"input-text \" name=\"billing_address_1\" id=\"billing_address_1\" placeholder=\"\"  value=\"\" aria-required=\"true\" \/><\/span><\/p><p class=\"form-row form-row-wide validate-required\" id=\"billing_phone_field\" data-priority=\"\"><label for=\"billing_phone\" class=\"\">T\u00e9l\u00e9phone&nbsp;<abbr class=\"required\" title=\"obligatoire\">*<\/abbr><\/label><span class=\"woocommerce-input-wrapper\"><input type=\"tel\" class=\"input-text \" name=\"billing_phone\" id=\"billing_phone\" placeholder=\"\"  value=\"\" aria-required=\"true\" \/><\/span><\/p><p class=\"form-row form-row-wide validate-required\" id=\"afrfb_field_privacy_field\" data-priority=\"\"><span class=\"woocommerce-input-wrapper\"><label class=\"checkbox \" ><input type=\"checkbox\" name=\"afrfb_field_privacy\" id=\"afrfb_field_privacy\" value=\"1\" class=\"input-checkbox \"  aria-required=\"true\" \/> Je d\u00e9clare avoir lu et accept\u00e9 le contenu de la <a href=\"https:\/\/laborreagenzien.ch\/fr\/privacy-policy\/\" target=\"_blank\">Politique de confidentialit\u00e9<\/a> et des <a href=\"https:\/\/laborreagenzien.ch\/fr\/conditions-de-vente\/\" target=\"_blank\">Conditions de vente<\/a>.  <span style=\"font-size: 0.85em;display:block;margin-top:4px\"> En particulier le point 3 \u00ab D\u00e9claration de v\u00e9racit\u00e9 et de responsabilit\u00e9 de l'acheteur \u00bb.   Je d\u00e9clare que les informations fournies sont v\u00e9ridiques et que je me comporte en tant que professionnel. J'accepte de prendre la responsabilit\u00e9 de toute d\u00e9claration fausse et de lib\u00e9rer le vendeur de toute cons\u00e9quence r\u00e9sultant d'informations non v\u00e9ridiques ou d'un usage incorrect des produits. <\/span>&nbsp;<abbr class=\"required\" title=\"obligatoire\">*<\/abbr><\/label><\/span><\/p>\r\n\t\r\n\t\r\n\t\r\n<p class=\"woocommerce-form-row form-row afrfb_align_left\">\r\n\r\n\t<input type=\"hidden\" id=\"addify-rfb-register-nonce\" name=\"addify-rfb-register-nonce\" value=\"835fcfaa0e\" \/><input type=\"hidden\" name=\"_wp_http_referer\" value=\"\/fr\/wp-json\/wp\/v2\/pages\/4449\" \/>\r\n\t<button type=\"submit\" class=\"woocommerce-Button woocommerce-button button woocommerce-form-register__submit\" name=\"af_form_submit\" value=\"4439\">\r\n\t\tCr\u00e9er un compte\t<\/button>\r\n<\/p>\r\n\t\r\n\r\n\t\r\n<\/form>\r\n<\/div><\/div> <\/div><\/div>","protected":false},"excerpt":{"rendered":"","protected":false},"author":1,"featured_media":0,"parent":0,"menu_order":0,"comment_status":"closed","ping_status":"closed","template":"","meta":{"_gspb_post_css":"#gspb_container-id-gsbp-7e172aab-4265.gspb_container{position:relative;flex-direction:column;box-sizing:border-box;width:80%}#gspb_container-id-gsbp-7e172aab-4265.gspb_container .gspb_container__content{margin:auto}#gspb_container-id-gsbp-7e172aab-4265.gspb_container>p:last-of-type{margin-bottom:0}#gspb_col-id-gsbp-036fee51-3c9e.gspb_row__col--12>.gspb_backgroundOverlay,#gspb_container-id-gsbp-7e172aab-4265.gspb_container>.gspb_backgroundOverlay{border-top-left-radius:NaN;border-top-right-radius:NaN;border-bottom-right-radius:NaN;border-bottom-left-radius:NaN}#gspb_col-id-gsbp-036fee51-3c9e.gspb_row__col--12{width:100%}@media (max-width:575.98px){#gspb_col-id-gsbp-036fee51-3c9e.gspb_row__col--12{width:100%}}#gspb_row-id-gsbp-12845637-aff9{justify-content:space-between;margin-top:0;margin-bottom:0;position:relative;display:flex;flex-wrap:wrap}#gspb_row-id-gsbp-12845637-aff9>.gspb_row__content{display:flex;justify-content:space-between;margin:0 auto;width:100%;flex-wrap:wrap}#gspb_row-id-gsbp-12845637-aff9 div[class^=gspb_row__col]{flex-direction:column;position:relative}#gspb_row-id-gsbp-12845637-aff9 .gspb_row__col--1,#gspb_row-id-gsbp-12845637-aff9 .gspb_row__col--10,#gspb_row-id-gsbp-12845637-aff9 .gspb_row__col--11,#gspb_row-id-gsbp-12845637-aff9 .gspb_row__col--12,#gspb_row-id-gsbp-12845637-aff9 .gspb_row__col--2,#gspb_row-id-gsbp-12845637-aff9 .gspb_row__col--24,#gspb_row-id-gsbp-12845637-aff9 .gspb_row__col--3,#gspb_row-id-gsbp-12845637-aff9 .gspb_row__col--4,#gspb_row-id-gsbp-12845637-aff9 .gspb_row__col--5,#gspb_row-id-gsbp-12845637-aff9 .gspb_row__col--6,#gspb_row-id-gsbp-12845637-aff9 .gspb_row__col--7,#gspb_row-id-gsbp-12845637-aff9 .gspb_row__col--8,#gspb_row-id-gsbp-12845637-aff9 .gspb_row__col--9{padding:15px min(3vw,20px);box-sizing:border-box}#gspb_row-id-gsbp-12845637-aff9>.gspb_row__content{max-width:1240px}#gspb_row-id-gsbp-12845637-aff9>.gspb_backgroundOverlay{border-top-left-radius:NaN;border-top-right-radius:NaN;border-bottom-right-radius:NaN;border-bottom-left-radius:NaN}","footnotes":""},"class_list":["post-4449","page","type-page","status-publish","hentry"],"acf":[],"yoast_head":"<!-- This site is optimized with the Yoast SEO plugin v24.0 - https:\/\/yoast.com\/wordpress\/plugins\/seo\/ -->\n<title>Enregistrement de l&#039;utilisateur | R\u00e9actifs chimiques de laboratoire Carlo Erba<\/title>\n<meta name=\"description\" content=\"Enregistrement de l&#039;utilisateur Si vous \u00eates d\u00e9j\u00e0 client ECSA, pour vous inscrire saisissez d&#039;abord votre num\u00e9ro de TVA et votre num\u00e9ro client. Si vous ne\" \/>\n<meta name=\"robots\" content=\"index, follow, max-snippet:-1, max-image-preview:large, max-video-preview:-1\" \/>\n<link rel=\"canonical\" href=\"https:\/\/laborreagenzien.ch\/fr\/enregistrement\/\" \/>\n<meta property=\"og:locale\" content=\"fr_FR\" \/>\n<meta property=\"og:type\" content=\"article\" \/>\n<meta property=\"og:title\" content=\"Enregistrement de l&#039;utilisateur | R\u00e9actifs chimiques de laboratoire Carlo Erba\" \/>\n<meta property=\"og:description\" content=\"Enregistrement de l&#039;utilisateur Si vous \u00eates d\u00e9j\u00e0 client ECSA, pour vous inscrire saisissez d&#039;abord votre num\u00e9ro de TVA et votre num\u00e9ro client. Si vous ne\" \/>\n<meta property=\"og:url\" content=\"https:\/\/laborreagenzien.ch\/fr\/enregistrement\/\" \/>\n<meta property=\"og:site_name\" content=\"R\u00e9actifs chimiques de laboratoire Carlo Erba\" \/>\n<meta property=\"article:modified_time\" content=\"2023-09-05T13:21:38+00:00\" \/>\n<meta property=\"og:image\" content=\"https:\/\/laborreagenzien.ch\/wp-content\/uploads\/2023\/06\/633d8e144d54eb303cc27068_chimica3.webp\" \/>\n\t<meta property=\"og:image:width\" content=\"1920\" \/>\n\t<meta property=\"og:image:height\" content=\"1080\" \/>\n\t<meta property=\"og:image:type\" content=\"image\/webp\" \/>\n<meta name=\"twitter:card\" content=\"summary_large_image\" \/>\n<meta name=\"twitter:label1\" content=\"Dur\u00e9e de lecture estim\u00e9e\" \/>\n\t<meta name=\"twitter:data1\" content=\"1 minute\" \/>\n<script type=\"application\/ld+json\" class=\"yoast-schema-graph\">{\"@context\":\"https:\/\/schema.org\",\"@graph\":[{\"@type\":\"WebPage\",\"@id\":\"https:\/\/laborreagenzien.ch\/fr\/enregistrement\/\",\"url\":\"https:\/\/laborreagenzien.ch\/fr\/enregistrement\/\",\"name\":\"Enregistrement de l'utilisateur | R\u00e9actifs chimiques de laboratoire Carlo Erba\",\"isPartOf\":{\"@id\":\"https:\/\/laborreagenzien.ch\/fr\/#website\"},\"datePublished\":\"2023-07-31T15:45:35+00:00\",\"dateModified\":\"2023-09-05T13:21:38+00:00\",\"description\":\"Enregistrement de l'utilisateur Si vous \u00eates d\u00e9j\u00e0 client ECSA, pour vous inscrire saisissez d'abord votre num\u00e9ro de TVA et votre num\u00e9ro client. Si vous ne\",\"breadcrumb\":{\"@id\":\"https:\/\/laborreagenzien.ch\/fr\/enregistrement\/#breadcrumb\"},\"inLanguage\":\"fr-FR\",\"potentialAction\":[{\"@type\":\"ReadAction\",\"target\":[\"https:\/\/laborreagenzien.ch\/fr\/enregistrement\/\"]}]},{\"@type\":\"BreadcrumbList\",\"@id\":\"https:\/\/laborreagenzien.ch\/fr\/enregistrement\/#breadcrumb\",\"itemListElement\":[{\"@type\":\"ListItem\",\"position\":1,\"name\":\"Home\",\"item\":\"https:\/\/laborreagenzien.ch\/fr\/\"},{\"@type\":\"ListItem\",\"position\":2,\"name\":\"Enregistrement de l&#8217;utilisateur\"}]},{\"@type\":\"WebSite\",\"@id\":\"https:\/\/laborreagenzien.ch\/fr\/#website\",\"url\":\"https:\/\/laborreagenzien.ch\/fr\/\",\"name\":\"R\u00e9actifs chimiques de laboratoire Carlo Erba\",\"description\":\"R\u00e9actifs chimiques de laboratoire Carlo Erba\",\"publisher\":{\"@id\":\"https:\/\/laborreagenzien.ch\/fr\/#organization\"},\"alternateName\":\"ECSA Reagents\",\"potentialAction\":[{\"@type\":\"SearchAction\",\"target\":{\"@type\":\"EntryPoint\",\"urlTemplate\":\"https:\/\/laborreagenzien.ch\/fr\/?s={search_term_string}\"},\"query-input\":{\"@type\":\"PropertyValueSpecification\",\"valueRequired\":true,\"valueName\":\"search_term_string\"}}],\"inLanguage\":\"fr-FR\"},{\"@type\":\"Organization\",\"@id\":\"https:\/\/laborreagenzien.ch\/fr\/#organization\",\"name\":\"R\u00e9actifs chimiques de laboratoire Carlo Erba\",\"alternateName\":\"ECSA Reagents\",\"url\":\"https:\/\/laborreagenzien.ch\/fr\/\",\"logo\":{\"@type\":\"ImageObject\",\"inLanguage\":\"fr-FR\",\"@id\":\"https:\/\/laborreagenzien.ch\/fr\/#\/schema\/logo\/image\/\",\"url\":\"\",\"contentUrl\":\"\",\"caption\":\"R\u00e9actifs chimiques de laboratoire Carlo Erba\"},\"image\":{\"@id\":\"https:\/\/laborreagenzien.ch\/fr\/#\/schema\/logo\/image\/\"},\"sameAs\":[\"https:\/\/www.linkedin.com\/company\/ecsa-chemicals\/\",\"https:\/\/www.youtube.com\/channel\/UC5gIJhXOexpzO-zHUSytU9g\"]}]}<\/script>\n<!-- \/ Yoast SEO plugin. -->","yoast_head_json":{"title":"Enregistrement de l'utilisateur | R\u00e9actifs chimiques de laboratoire Carlo Erba","description":"Enregistrement de l'utilisateur Si vous \u00eates d\u00e9j\u00e0 client ECSA, pour vous inscrire saisissez d'abord votre num\u00e9ro de TVA et votre num\u00e9ro client. Si vous ne","robots":{"index":"index","follow":"follow","max-snippet":"max-snippet:-1","max-image-preview":"max-image-preview:large","max-video-preview":"max-video-preview:-1"},"canonical":"https:\/\/laborreagenzien.ch\/fr\/enregistrement\/","og_locale":"fr_FR","og_type":"article","og_title":"Enregistrement de l'utilisateur | R\u00e9actifs chimiques de laboratoire Carlo Erba","og_description":"Enregistrement de l'utilisateur Si vous \u00eates d\u00e9j\u00e0 client ECSA, pour vous inscrire saisissez d'abord votre num\u00e9ro de TVA et votre num\u00e9ro client. Si vous ne","og_url":"https:\/\/laborreagenzien.ch\/fr\/enregistrement\/","og_site_name":"R\u00e9actifs chimiques de laboratoire Carlo Erba","article_modified_time":"2023-09-05T13:21:38+00:00","og_image":[{"width":1920,"height":1080,"url":"https:\/\/laborreagenzien.ch\/wp-content\/uploads\/2023\/06\/633d8e144d54eb303cc27068_chimica3.webp","type":"image\/webp"}],"twitter_card":"summary_large_image","twitter_misc":{"Dur\u00e9e de lecture estim\u00e9e":"1 minute"},"schema":{"@context":"https:\/\/schema.org","@graph":[{"@type":"WebPage","@id":"https:\/\/laborreagenzien.ch\/fr\/enregistrement\/","url":"https:\/\/laborreagenzien.ch\/fr\/enregistrement\/","name":"Enregistrement de l'utilisateur | R\u00e9actifs chimiques de laboratoire Carlo Erba","isPartOf":{"@id":"https:\/\/laborreagenzien.ch\/fr\/#website"},"datePublished":"2023-07-31T15:45:35+00:00","dateModified":"2023-09-05T13:21:38+00:00","description":"Enregistrement de l'utilisateur Si vous \u00eates d\u00e9j\u00e0 client ECSA, pour vous inscrire saisissez d'abord votre num\u00e9ro de TVA et votre num\u00e9ro client. Si vous ne","breadcrumb":{"@id":"https:\/\/laborreagenzien.ch\/fr\/enregistrement\/#breadcrumb"},"inLanguage":"fr-FR","potentialAction":[{"@type":"ReadAction","target":["https:\/\/laborreagenzien.ch\/fr\/enregistrement\/"]}]},{"@type":"BreadcrumbList","@id":"https:\/\/laborreagenzien.ch\/fr\/enregistrement\/#breadcrumb","itemListElement":[{"@type":"ListItem","position":1,"name":"Home","item":"https:\/\/laborreagenzien.ch\/fr\/"},{"@type":"ListItem","position":2,"name":"Enregistrement de l&#8217;utilisateur"}]},{"@type":"WebSite","@id":"https:\/\/laborreagenzien.ch\/fr\/#website","url":"https:\/\/laborreagenzien.ch\/fr\/","name":"R\u00e9actifs chimiques de laboratoire Carlo Erba","description":"R\u00e9actifs chimiques de laboratoire Carlo Erba","publisher":{"@id":"https:\/\/laborreagenzien.ch\/fr\/#organization"},"alternateName":"ECSA Reagents","potentialAction":[{"@type":"SearchAction","target":{"@type":"EntryPoint","urlTemplate":"https:\/\/laborreagenzien.ch\/fr\/?s={search_term_string}"},"query-input":{"@type":"PropertyValueSpecification","valueRequired":true,"valueName":"search_term_string"}}],"inLanguage":"fr-FR"},{"@type":"Organization","@id":"https:\/\/laborreagenzien.ch\/fr\/#organization","name":"R\u00e9actifs chimiques de laboratoire Carlo Erba","alternateName":"ECSA Reagents","url":"https:\/\/laborreagenzien.ch\/fr\/","logo":{"@type":"ImageObject","inLanguage":"fr-FR","@id":"https:\/\/laborreagenzien.ch\/fr\/#\/schema\/logo\/image\/","url":"","contentUrl":"","caption":"R\u00e9actifs chimiques de laboratoire Carlo Erba"},"image":{"@id":"https:\/\/laborreagenzien.ch\/fr\/#\/schema\/logo\/image\/"},"sameAs":["https:\/\/www.linkedin.com\/company\/ecsa-chemicals\/","https:\/\/www.youtube.com\/channel\/UC5gIJhXOexpzO-zHUSytU9g"]}]}},"_links":{"self":[{"href":"https:\/\/laborreagenzien.ch\/fr\/wp-json\/wp\/v2\/pages\/4449","targetHints":{"allow":["GET"]}}],"collection":[{"href":"https:\/\/laborreagenzien.ch\/fr\/wp-json\/wp\/v2\/pages"}],"about":[{"href":"https:\/\/laborreagenzien.ch\/fr\/wp-json\/wp\/v2\/types\/page"}],"author":[{"embeddable":true,"href":"https:\/\/laborreagenzien.ch\/fr\/wp-json\/wp\/v2\/users\/1"}],"replies":[{"embeddable":true,"href":"https:\/\/laborreagenzien.ch\/fr\/wp-json\/wp\/v2\/comments?post=4449"}],"version-history":[{"count":3,"href":"https:\/\/laborreagenzien.ch\/fr\/wp-json\/wp\/v2\/pages\/4449\/revisions"}],"predecessor-version":[{"id":4843,"href":"https:\/\/laborreagenzien.ch\/fr\/wp-json\/wp\/v2\/pages\/4449\/revisions\/4843"}],"wp:attachment":[{"href":"https:\/\/laborreagenzien.ch\/fr\/wp-json\/wp\/v2\/media?parent=4449"}],"curies":[{"name":"wp","href":"https:\/\/api.w.org\/{rel}","templated":true}]}}