{"id":3116,"date":"2026-02-18T14:12:47","date_gmt":"2026-02-18T13:12:47","guid":{"rendered":"https:\/\/laborreagenzien.ch\/prodotto\/afa-fixiererfluessigkeit\/"},"modified":"2026-02-18T14:27:05","modified_gmt":"2026-02-18T13:27:05","slug":"afa-fixiererfluessigkeit","status":"publish","type":"product","link":"https:\/\/laborreagenzien.ch\/de\/produkt\/afa-fixiererfluessigkeit\/","title":{"rendered":"AFA-Fixiererfl\u00fcssigkeit"},"content":{"rendered":"","protected":false},"excerpt":{"rendered":"","protected":false},"featured_media":1611,"template":"","meta":{"_gspb_post_css":""},"product_cat":[815],"product_tag":[],"lettera":[952],"protetti":[],"class_list":{"0":"post-3116","1":"product","2":"type-product","3":"status-publish","4":"has-post-thumbnail","6":"product_cat-spezifischer-qualitaet","7":"pa_confezione-original-verpackung","8":"pa_descrizione-rs-fuer-die-histologie","9":"pa_taglio-5-l","10":"pa_unita-di-misura-pz","11":"lettera-a","13":"first","14":"instock","15":"taxable","16":"shipping-taxable","17":"purchasable","18":"product-type-variable"},"acf":[],"yoast_head":"<!-- This site is optimized with the Yoast SEO plugin v24.0 - https:\/\/yoast.com\/wordpress\/plugins\/seo\/ -->\n<title>AFA-Fixiererfl\u00fcssigkeit | Carlo Erba Laborreagenzien<\/title>\n<meta name=\"description\" content=\"ECSA Chemicals Lieferant und Distributor von AFA-Fixiererfl\u00fcssigkeit f\u00fcr Labore in der Schweiz, die chemische Reagenzien ben\u00f6tigen\" \/>\n<meta name=\"robots\" content=\"index, follow, max-snippet:-1, max-image-preview:large, max-video-preview:-1\" \/>\n<link rel=\"canonical\" href=\"https:\/\/laborreagenzien.ch\/de\/produkt\/afa-fixiererfluessigkeit\/\" \/>\n<meta property=\"og:locale\" content=\"de_DE\" \/>\n<meta property=\"og:type\" content=\"article\" \/>\n<meta property=\"og:title\" content=\"AFA-Fixiererfl\u00fcssigkeit | Carlo Erba Laborreagenzien\" \/>\n<meta property=\"og:description\" content=\"ECSA Chemicals Lieferant und Distributor von AFA-Fixiererfl\u00fcssigkeit f\u00fcr Labore in der Schweiz, die chemische Reagenzien ben\u00f6tigen\" \/>\n<meta property=\"og:url\" content=\"https:\/\/laborreagenzien.ch\/de\/produkt\/afa-fixiererfluessigkeit\/\" \/>\n<meta property=\"og:site_name\" content=\"Carlo Erba Laborreagenzien\" \/>\n<meta property=\"article:modified_time\" content=\"2026-02-18T13:27:05+00:00\" \/>\n<meta property=\"og:image\" content=\"https:\/\/laborreagenzien.ch\/wp-content\/uploads\/2023\/04\/icona_prodotto.png\" \/>\n\t<meta property=\"og:image:width\" content=\"79\" \/>\n\t<meta property=\"og:image:height\" content=\"94\" \/>\n\t<meta property=\"og:image:type\" content=\"image\/png\" \/>\n<meta name=\"twitter:card\" content=\"summary_large_image\" \/>\n<script type=\"application\/ld+json\" class=\"yoast-schema-graph\">{\"@context\":\"https:\/\/schema.org\",\"@graph\":[{\"@type\":\"WebPage\",\"@id\":\"https:\/\/laborreagenzien.ch\/de\/produkt\/afa-fixiererfluessigkeit\/\",\"url\":\"https:\/\/laborreagenzien.ch\/de\/produkt\/afa-fixiererfluessigkeit\/\",\"name\":\"AFA-Fixiererfl\u00fcssigkeit | Carlo Erba Laborreagenzien\",\"isPartOf\":{\"@id\":\"https:\/\/laborreagenzien.ch\/de\/#website\"},\"primaryImageOfPage\":{\"@id\":\"https:\/\/laborreagenzien.ch\/de\/produkt\/afa-fixiererfluessigkeit\/#primaryimage\"},\"image\":{\"@id\":\"https:\/\/laborreagenzien.ch\/de\/produkt\/afa-fixiererfluessigkeit\/#primaryimage\"},\"thumbnailUrl\":\"https:\/\/laborreagenzien.ch\/wp-content\/uploads\/2023\/04\/icona_prodotto.png\",\"datePublished\":\"2026-02-18T13:12:47+00:00\",\"dateModified\":\"2026-02-18T13:27:05+00:00\",\"description\":\"ECSA Chemicals Lieferant und Distributor von AFA-Fixiererfl\u00fcssigkeit f\u00fcr Labore in der Schweiz, die chemische Reagenzien ben\u00f6tigen\",\"breadcrumb\":{\"@id\":\"https:\/\/laborreagenzien.ch\/de\/produkt\/afa-fixiererfluessigkeit\/#breadcrumb\"},\"inLanguage\":\"de\",\"potentialAction\":[{\"@type\":\"ReadAction\",\"target\":[\"https:\/\/laborreagenzien.ch\/de\/produkt\/afa-fixiererfluessigkeit\/\"]}]},{\"@type\":\"ImageObject\",\"inLanguage\":\"de\",\"@id\":\"https:\/\/laborreagenzien.ch\/de\/produkt\/afa-fixiererfluessigkeit\/#primaryimage\",\"url\":\"https:\/\/laborreagenzien.ch\/wp-content\/uploads\/2023\/04\/icona_prodotto.png\",\"contentUrl\":\"https:\/\/laborreagenzien.ch\/wp-content\/uploads\/2023\/04\/icona_prodotto.png\",\"width\":79,\"height\":94},{\"@type\":\"BreadcrumbList\",\"@id\":\"https:\/\/laborreagenzien.ch\/de\/produkt\/afa-fixiererfluessigkeit\/#breadcrumb\",\"itemListElement\":[{\"@type\":\"ListItem\",\"position\":1,\"name\":\"Home\",\"item\":\"https:\/\/laborreagenzien.ch\/de\/\"},{\"@type\":\"ListItem\",\"position\":2,\"name\":\"Produkte\",\"item\":\"https:\/\/laborreagenzien.ch\/de\/produkte\/\"},{\"@type\":\"ListItem\",\"position\":3,\"name\":\"AFA-Fixiererfl\u00fcssigkeit\"}]},{\"@type\":\"WebSite\",\"@id\":\"https:\/\/laborreagenzien.ch\/de\/#website\",\"url\":\"https:\/\/laborreagenzien.ch\/de\/\",\"name\":\"Carlo Erba Laborreagenzien\",\"description\":\"Carlo Erba Laborreagenzien\",\"publisher\":{\"@id\":\"https:\/\/laborreagenzien.ch\/de\/#organization\"},\"alternateName\":\"ECSA Reagents\",\"potentialAction\":[{\"@type\":\"SearchAction\",\"target\":{\"@type\":\"EntryPoint\",\"urlTemplate\":\"https:\/\/laborreagenzien.ch\/de\/?s={search_term_string}\"},\"query-input\":{\"@type\":\"PropertyValueSpecification\",\"valueRequired\":true,\"valueName\":\"search_term_string\"}}],\"inLanguage\":\"de\"},{\"@type\":\"Organization\",\"@id\":\"https:\/\/laborreagenzien.ch\/de\/#organization\",\"name\":\"Carlo Erba Laborreagenzien\",\"alternateName\":\"ECSA Reagents\",\"url\":\"https:\/\/laborreagenzien.ch\/de\/\",\"logo\":{\"@type\":\"ImageObject\",\"inLanguage\":\"de\",\"@id\":\"https:\/\/laborreagenzien.ch\/de\/#\/schema\/logo\/image\/\",\"url\":\"\",\"contentUrl\":\"\",\"caption\":\"Carlo Erba Laborreagenzien\"},\"image\":{\"@id\":\"https:\/\/laborreagenzien.ch\/de\/#\/schema\/logo\/image\/\"},\"sameAs\":[\"https:\/\/www.linkedin.com\/company\/ecsa-chemicals\/\",\"https:\/\/www.youtube.com\/channel\/UC5gIJhXOexpzO-zHUSytU9g\"]}]}<\/script>\n<!-- \/ Yoast SEO plugin. -->","yoast_head_json":{"title":"AFA-Fixiererfl\u00fcssigkeit | Carlo Erba Laborreagenzien","description":"ECSA Chemicals Lieferant und Distributor von AFA-Fixiererfl\u00fcssigkeit f\u00fcr Labore in der Schweiz, die chemische Reagenzien ben\u00f6tigen","robots":{"index":"index","follow":"follow","max-snippet":"max-snippet:-1","max-image-preview":"max-image-preview:large","max-video-preview":"max-video-preview:-1"},"canonical":"https:\/\/laborreagenzien.ch\/de\/produkt\/afa-fixiererfluessigkeit\/","og_locale":"de_DE","og_type":"article","og_title":"AFA-Fixiererfl\u00fcssigkeit | Carlo Erba Laborreagenzien","og_description":"ECSA Chemicals Lieferant und Distributor von AFA-Fixiererfl\u00fcssigkeit f\u00fcr Labore in der Schweiz, die chemische Reagenzien ben\u00f6tigen","og_url":"https:\/\/laborreagenzien.ch\/de\/produkt\/afa-fixiererfluessigkeit\/","og_site_name":"Carlo Erba Laborreagenzien","article_modified_time":"2026-02-18T13:27:05+00:00","og_image":[{"width":79,"height":94,"url":"https:\/\/laborreagenzien.ch\/wp-content\/uploads\/2023\/04\/icona_prodotto.png","type":"image\/png"}],"twitter_card":"summary_large_image","schema":{"@context":"https:\/\/schema.org","@graph":[{"@type":"WebPage","@id":"https:\/\/laborreagenzien.ch\/de\/produkt\/afa-fixiererfluessigkeit\/","url":"https:\/\/laborreagenzien.ch\/de\/produkt\/afa-fixiererfluessigkeit\/","name":"AFA-Fixiererfl\u00fcssigkeit | Carlo Erba Laborreagenzien","isPartOf":{"@id":"https:\/\/laborreagenzien.ch\/de\/#website"},"primaryImageOfPage":{"@id":"https:\/\/laborreagenzien.ch\/de\/produkt\/afa-fixiererfluessigkeit\/#primaryimage"},"image":{"@id":"https:\/\/laborreagenzien.ch\/de\/produkt\/afa-fixiererfluessigkeit\/#primaryimage"},"thumbnailUrl":"https:\/\/laborreagenzien.ch\/wp-content\/uploads\/2023\/04\/icona_prodotto.png","datePublished":"2026-02-18T13:12:47+00:00","dateModified":"2026-02-18T13:27:05+00:00","description":"ECSA Chemicals Lieferant und Distributor von AFA-Fixiererfl\u00fcssigkeit f\u00fcr Labore in der Schweiz, die chemische Reagenzien ben\u00f6tigen","breadcrumb":{"@id":"https:\/\/laborreagenzien.ch\/de\/produkt\/afa-fixiererfluessigkeit\/#breadcrumb"},"inLanguage":"de","potentialAction":[{"@type":"ReadAction","target":["https:\/\/laborreagenzien.ch\/de\/produkt\/afa-fixiererfluessigkeit\/"]}]},{"@type":"ImageObject","inLanguage":"de","@id":"https:\/\/laborreagenzien.ch\/de\/produkt\/afa-fixiererfluessigkeit\/#primaryimage","url":"https:\/\/laborreagenzien.ch\/wp-content\/uploads\/2023\/04\/icona_prodotto.png","contentUrl":"https:\/\/laborreagenzien.ch\/wp-content\/uploads\/2023\/04\/icona_prodotto.png","width":79,"height":94},{"@type":"BreadcrumbList","@id":"https:\/\/laborreagenzien.ch\/de\/produkt\/afa-fixiererfluessigkeit\/#breadcrumb","itemListElement":[{"@type":"ListItem","position":1,"name":"Home","item":"https:\/\/laborreagenzien.ch\/de\/"},{"@type":"ListItem","position":2,"name":"Produkte","item":"https:\/\/laborreagenzien.ch\/de\/produkte\/"},{"@type":"ListItem","position":3,"name":"AFA-Fixiererfl\u00fcssigkeit"}]},{"@type":"WebSite","@id":"https:\/\/laborreagenzien.ch\/de\/#website","url":"https:\/\/laborreagenzien.ch\/de\/","name":"Carlo Erba Laborreagenzien","description":"Carlo Erba Laborreagenzien","publisher":{"@id":"https:\/\/laborreagenzien.ch\/de\/#organization"},"alternateName":"ECSA Reagents","potentialAction":[{"@type":"SearchAction","target":{"@type":"EntryPoint","urlTemplate":"https:\/\/laborreagenzien.ch\/de\/?s={search_term_string}"},"query-input":{"@type":"PropertyValueSpecification","valueRequired":true,"valueName":"search_term_string"}}],"inLanguage":"de"},{"@type":"Organization","@id":"https:\/\/laborreagenzien.ch\/de\/#organization","name":"Carlo Erba Laborreagenzien","alternateName":"ECSA Reagents","url":"https:\/\/laborreagenzien.ch\/de\/","logo":{"@type":"ImageObject","inLanguage":"de","@id":"https:\/\/laborreagenzien.ch\/de\/#\/schema\/logo\/image\/","url":"","contentUrl":"","caption":"Carlo Erba Laborreagenzien"},"image":{"@id":"https:\/\/laborreagenzien.ch\/de\/#\/schema\/logo\/image\/"},"sameAs":["https:\/\/www.linkedin.com\/company\/ecsa-chemicals\/","https:\/\/www.youtube.com\/channel\/UC5gIJhXOexpzO-zHUSytU9g"]}]}},"_links":{"self":[{"href":"https:\/\/laborreagenzien.ch\/de\/wp-json\/wp\/v2\/product\/3116","targetHints":{"allow":["GET"]}}],"collection":[{"href":"https:\/\/laborreagenzien.ch\/de\/wp-json\/wp\/v2\/product"}],"about":[{"href":"https:\/\/laborreagenzien.ch\/de\/wp-json\/wp\/v2\/types\/product"}],"wp:featuredmedia":[{"embeddable":true,"href":"https:\/\/laborreagenzien.ch\/de\/wp-json\/wp\/v2\/media\/1611"}],"wp:attachment":[{"href":"https:\/\/laborreagenzien.ch\/de\/wp-json\/wp\/v2\/media?parent=3116"}],"wp:term":[{"taxonomy":"product_cat","embeddable":true,"href":"https:\/\/laborreagenzien.ch\/de\/wp-json\/wp\/v2\/product_cat?post=3116"},{"taxonomy":"product_tag","embeddable":true,"href":"https:\/\/laborreagenzien.ch\/de\/wp-json\/wp\/v2\/product_tag?post=3116"},{"taxonomy":"lettera","embeddable":true,"href":"https:\/\/laborreagenzien.ch\/de\/wp-json\/wp\/v2\/lettera?post=3116"},{"taxonomy":"protetti","embeddable":true,"href":"https:\/\/laborreagenzien.ch\/de\/wp-json\/wp\/v2\/protetti?post=3116"}],"curies":[{"name":"wp","href":"https:\/\/api.w.org\/{rel}","templated":true}]}}