{"id":2955,"date":"2026-02-18T14:14:02","date_gmt":"2026-02-18T13:14:02","guid":{"rendered":"https:\/\/laborreagenzien.ch\/prodotto\/perchlorsaeure-65\/"},"modified":"2026-02-18T14:27:06","modified_gmt":"2026-02-18T13:27:06","slug":"perchlorsaeure-65","status":"publish","type":"product","link":"https:\/\/laborreagenzien.ch\/de\/produkt\/perchlorsaeure-65\/","title":{"rendered":"Perchlors\u00e4ure 65%"},"content":{"rendered":"","protected":false},"excerpt":{"rendered":"","protected":false},"featured_media":1611,"template":"","meta":{"_gspb_post_css":""},"product_cat":[814],"product_tag":[],"lettera":[951],"protetti":[],"class_list":{"0":"post-2955","1":"product","2":"type-product","3":"status-publish","4":"has-post-thumbnail","6":"product_cat-analytischer-qualitaet","7":"pa_cas-n-7601-90-3","8":"pa_confezione-original-verpackung","9":"pa_descrizione-rpe-fuer-die-analyse-iso","10":"pa_formula-hclo4-de","11":"pa_taglio-1-l","12":"pa_unita-di-misura-pz","13":"lettera-p","15":"first","16":"instock","17":"taxable","18":"shipping-taxable","19":"purchasable","20":"product-type-variable"},"acf":[],"yoast_head":"<!-- This site is optimized with the Yoast SEO plugin v24.0 - https:\/\/yoast.com\/wordpress\/plugins\/seo\/ -->\n<title>Perchlors\u00e4ure 65% | Carlo Erba Laborreagenzien<\/title>\n<meta name=\"description\" content=\"ECSA Chemicals Lieferant und Distributor von Perchlors\u00e4ure 65% f\u00fcr Labore in der Schweiz, die chemische Reagenzien ben\u00f6tigen\" \/>\n<meta name=\"robots\" content=\"index, follow, max-snippet:-1, max-image-preview:large, max-video-preview:-1\" \/>\n<link rel=\"canonical\" href=\"https:\/\/laborreagenzien.ch\/de\/produkt\/perchlorsaeure-65\/\" \/>\n<meta property=\"og:locale\" content=\"de_DE\" \/>\n<meta property=\"og:type\" content=\"article\" \/>\n<meta property=\"og:title\" content=\"Perchlors\u00e4ure 65% | Carlo Erba Laborreagenzien\" \/>\n<meta property=\"og:description\" content=\"ECSA Chemicals Lieferant und Distributor von Perchlors\u00e4ure 65% f\u00fcr Labore in der Schweiz, die chemische Reagenzien ben\u00f6tigen\" \/>\n<meta property=\"og:url\" content=\"https:\/\/laborreagenzien.ch\/de\/produkt\/perchlorsaeure-65\/\" \/>\n<meta property=\"og:site_name\" content=\"Carlo Erba Laborreagenzien\" \/>\n<meta property=\"article:modified_time\" content=\"2026-02-18T13:27:06+00:00\" \/>\n<meta property=\"og:image\" content=\"https:\/\/laborreagenzien.ch\/wp-content\/uploads\/2023\/04\/icona_prodotto.png\" \/>\n\t<meta property=\"og:image:width\" content=\"79\" \/>\n\t<meta property=\"og:image:height\" content=\"94\" \/>\n\t<meta property=\"og:image:type\" content=\"image\/png\" \/>\n<meta name=\"twitter:card\" content=\"summary_large_image\" \/>\n<script type=\"application\/ld+json\" class=\"yoast-schema-graph\">{\"@context\":\"https:\/\/schema.org\",\"@graph\":[{\"@type\":\"WebPage\",\"@id\":\"https:\/\/laborreagenzien.ch\/de\/produkt\/perchlorsaeure-65\/\",\"url\":\"https:\/\/laborreagenzien.ch\/de\/produkt\/perchlorsaeure-65\/\",\"name\":\"Perchlors\u00e4ure 65% | Carlo Erba Laborreagenzien\",\"isPartOf\":{\"@id\":\"https:\/\/laborreagenzien.ch\/de\/#website\"},\"primaryImageOfPage\":{\"@id\":\"https:\/\/laborreagenzien.ch\/de\/produkt\/perchlorsaeure-65\/#primaryimage\"},\"image\":{\"@id\":\"https:\/\/laborreagenzien.ch\/de\/produkt\/perchlorsaeure-65\/#primaryimage\"},\"thumbnailUrl\":\"https:\/\/laborreagenzien.ch\/wp-content\/uploads\/2023\/04\/icona_prodotto.png\",\"datePublished\":\"2026-02-18T13:14:02+00:00\",\"dateModified\":\"2026-02-18T13:27:06+00:00\",\"description\":\"ECSA Chemicals Lieferant und Distributor von Perchlors\u00e4ure 65% f\u00fcr Labore in der Schweiz, die chemische Reagenzien ben\u00f6tigen\",\"breadcrumb\":{\"@id\":\"https:\/\/laborreagenzien.ch\/de\/produkt\/perchlorsaeure-65\/#breadcrumb\"},\"inLanguage\":\"de\",\"potentialAction\":[{\"@type\":\"ReadAction\",\"target\":[\"https:\/\/laborreagenzien.ch\/de\/produkt\/perchlorsaeure-65\/\"]}]},{\"@type\":\"ImageObject\",\"inLanguage\":\"de\",\"@id\":\"https:\/\/laborreagenzien.ch\/de\/produkt\/perchlorsaeure-65\/#primaryimage\",\"url\":\"https:\/\/laborreagenzien.ch\/wp-content\/uploads\/2023\/04\/icona_prodotto.png\",\"contentUrl\":\"https:\/\/laborreagenzien.ch\/wp-content\/uploads\/2023\/04\/icona_prodotto.png\",\"width\":79,\"height\":94},{\"@type\":\"BreadcrumbList\",\"@id\":\"https:\/\/laborreagenzien.ch\/de\/produkt\/perchlorsaeure-65\/#breadcrumb\",\"itemListElement\":[{\"@type\":\"ListItem\",\"position\":1,\"name\":\"Home\",\"item\":\"https:\/\/laborreagenzien.ch\/de\/\"},{\"@type\":\"ListItem\",\"position\":2,\"name\":\"Produkte\",\"item\":\"https:\/\/laborreagenzien.ch\/de\/produkte\/\"},{\"@type\":\"ListItem\",\"position\":3,\"name\":\"Perchlors\u00e4ure 65%\"}]},{\"@type\":\"WebSite\",\"@id\":\"https:\/\/laborreagenzien.ch\/de\/#website\",\"url\":\"https:\/\/laborreagenzien.ch\/de\/\",\"name\":\"Carlo Erba Laborreagenzien\",\"description\":\"Carlo Erba Laborreagenzien\",\"publisher\":{\"@id\":\"https:\/\/laborreagenzien.ch\/de\/#organization\"},\"alternateName\":\"ECSA Reagents\",\"potentialAction\":[{\"@type\":\"SearchAction\",\"target\":{\"@type\":\"EntryPoint\",\"urlTemplate\":\"https:\/\/laborreagenzien.ch\/de\/?s={search_term_string}\"},\"query-input\":{\"@type\":\"PropertyValueSpecification\",\"valueRequired\":true,\"valueName\":\"search_term_string\"}}],\"inLanguage\":\"de\"},{\"@type\":\"Organization\",\"@id\":\"https:\/\/laborreagenzien.ch\/de\/#organization\",\"name\":\"Carlo Erba Laborreagenzien\",\"alternateName\":\"ECSA Reagents\",\"url\":\"https:\/\/laborreagenzien.ch\/de\/\",\"logo\":{\"@type\":\"ImageObject\",\"inLanguage\":\"de\",\"@id\":\"https:\/\/laborreagenzien.ch\/de\/#\/schema\/logo\/image\/\",\"url\":\"\",\"contentUrl\":\"\",\"caption\":\"Carlo Erba Laborreagenzien\"},\"image\":{\"@id\":\"https:\/\/laborreagenzien.ch\/de\/#\/schema\/logo\/image\/\"},\"sameAs\":[\"https:\/\/www.linkedin.com\/company\/ecsa-chemicals\/\",\"https:\/\/www.youtube.com\/channel\/UC5gIJhXOexpzO-zHUSytU9g\"]}]}<\/script>\n<!-- \/ Yoast SEO plugin. -->","yoast_head_json":{"title":"Perchlors\u00e4ure 65% | Carlo Erba Laborreagenzien","description":"ECSA Chemicals Lieferant und Distributor von Perchlors\u00e4ure 65% f\u00fcr Labore in der Schweiz, die chemische Reagenzien ben\u00f6tigen","robots":{"index":"index","follow":"follow","max-snippet":"max-snippet:-1","max-image-preview":"max-image-preview:large","max-video-preview":"max-video-preview:-1"},"canonical":"https:\/\/laborreagenzien.ch\/de\/produkt\/perchlorsaeure-65\/","og_locale":"de_DE","og_type":"article","og_title":"Perchlors\u00e4ure 65% | Carlo Erba Laborreagenzien","og_description":"ECSA Chemicals Lieferant und Distributor von Perchlors\u00e4ure 65% f\u00fcr Labore in der Schweiz, die chemische Reagenzien ben\u00f6tigen","og_url":"https:\/\/laborreagenzien.ch\/de\/produkt\/perchlorsaeure-65\/","og_site_name":"Carlo Erba Laborreagenzien","article_modified_time":"2026-02-18T13:27:06+00:00","og_image":[{"width":79,"height":94,"url":"https:\/\/laborreagenzien.ch\/wp-content\/uploads\/2023\/04\/icona_prodotto.png","type":"image\/png"}],"twitter_card":"summary_large_image","schema":{"@context":"https:\/\/schema.org","@graph":[{"@type":"WebPage","@id":"https:\/\/laborreagenzien.ch\/de\/produkt\/perchlorsaeure-65\/","url":"https:\/\/laborreagenzien.ch\/de\/produkt\/perchlorsaeure-65\/","name":"Perchlors\u00e4ure 65% | Carlo Erba Laborreagenzien","isPartOf":{"@id":"https:\/\/laborreagenzien.ch\/de\/#website"},"primaryImageOfPage":{"@id":"https:\/\/laborreagenzien.ch\/de\/produkt\/perchlorsaeure-65\/#primaryimage"},"image":{"@id":"https:\/\/laborreagenzien.ch\/de\/produkt\/perchlorsaeure-65\/#primaryimage"},"thumbnailUrl":"https:\/\/laborreagenzien.ch\/wp-content\/uploads\/2023\/04\/icona_prodotto.png","datePublished":"2026-02-18T13:14:02+00:00","dateModified":"2026-02-18T13:27:06+00:00","description":"ECSA Chemicals Lieferant und Distributor von Perchlors\u00e4ure 65% f\u00fcr Labore in der Schweiz, die chemische Reagenzien ben\u00f6tigen","breadcrumb":{"@id":"https:\/\/laborreagenzien.ch\/de\/produkt\/perchlorsaeure-65\/#breadcrumb"},"inLanguage":"de","potentialAction":[{"@type":"ReadAction","target":["https:\/\/laborreagenzien.ch\/de\/produkt\/perchlorsaeure-65\/"]}]},{"@type":"ImageObject","inLanguage":"de","@id":"https:\/\/laborreagenzien.ch\/de\/produkt\/perchlorsaeure-65\/#primaryimage","url":"https:\/\/laborreagenzien.ch\/wp-content\/uploads\/2023\/04\/icona_prodotto.png","contentUrl":"https:\/\/laborreagenzien.ch\/wp-content\/uploads\/2023\/04\/icona_prodotto.png","width":79,"height":94},{"@type":"BreadcrumbList","@id":"https:\/\/laborreagenzien.ch\/de\/produkt\/perchlorsaeure-65\/#breadcrumb","itemListElement":[{"@type":"ListItem","position":1,"name":"Home","item":"https:\/\/laborreagenzien.ch\/de\/"},{"@type":"ListItem","position":2,"name":"Produkte","item":"https:\/\/laborreagenzien.ch\/de\/produkte\/"},{"@type":"ListItem","position":3,"name":"Perchlors\u00e4ure 65%"}]},{"@type":"WebSite","@id":"https:\/\/laborreagenzien.ch\/de\/#website","url":"https:\/\/laborreagenzien.ch\/de\/","name":"Carlo Erba Laborreagenzien","description":"Carlo Erba Laborreagenzien","publisher":{"@id":"https:\/\/laborreagenzien.ch\/de\/#organization"},"alternateName":"ECSA Reagents","potentialAction":[{"@type":"SearchAction","target":{"@type":"EntryPoint","urlTemplate":"https:\/\/laborreagenzien.ch\/de\/?s={search_term_string}"},"query-input":{"@type":"PropertyValueSpecification","valueRequired":true,"valueName":"search_term_string"}}],"inLanguage":"de"},{"@type":"Organization","@id":"https:\/\/laborreagenzien.ch\/de\/#organization","name":"Carlo Erba Laborreagenzien","alternateName":"ECSA Reagents","url":"https:\/\/laborreagenzien.ch\/de\/","logo":{"@type":"ImageObject","inLanguage":"de","@id":"https:\/\/laborreagenzien.ch\/de\/#\/schema\/logo\/image\/","url":"","contentUrl":"","caption":"Carlo Erba Laborreagenzien"},"image":{"@id":"https:\/\/laborreagenzien.ch\/de\/#\/schema\/logo\/image\/"},"sameAs":["https:\/\/www.linkedin.com\/company\/ecsa-chemicals\/","https:\/\/www.youtube.com\/channel\/UC5gIJhXOexpzO-zHUSytU9g"]}]}},"_links":{"self":[{"href":"https:\/\/laborreagenzien.ch\/de\/wp-json\/wp\/v2\/product\/2955","targetHints":{"allow":["GET"]}}],"collection":[{"href":"https:\/\/laborreagenzien.ch\/de\/wp-json\/wp\/v2\/product"}],"about":[{"href":"https:\/\/laborreagenzien.ch\/de\/wp-json\/wp\/v2\/types\/product"}],"wp:featuredmedia":[{"embeddable":true,"href":"https:\/\/laborreagenzien.ch\/de\/wp-json\/wp\/v2\/media\/1611"}],"wp:attachment":[{"href":"https:\/\/laborreagenzien.ch\/de\/wp-json\/wp\/v2\/media?parent=2955"}],"wp:term":[{"taxonomy":"product_cat","embeddable":true,"href":"https:\/\/laborreagenzien.ch\/de\/wp-json\/wp\/v2\/product_cat?post=2955"},{"taxonomy":"product_tag","embeddable":true,"href":"https:\/\/laborreagenzien.ch\/de\/wp-json\/wp\/v2\/product_tag?post=2955"},{"taxonomy":"lettera","embeddable":true,"href":"https:\/\/laborreagenzien.ch\/de\/wp-json\/wp\/v2\/lettera?post=2955"},{"taxonomy":"protetti","embeddable":true,"href":"https:\/\/laborreagenzien.ch\/de\/wp-json\/wp\/v2\/protetti?post=2955"}],"curies":[{"name":"wp","href":"https:\/\/api.w.org\/{rel}","templated":true}]}}