{"id":4450,"date":"2023-07-31T17:45:35","date_gmt":"2023-07-31T15:45:35","guid":{"rendered":"https:\/\/laborreagenzien.ch\/registrazione\/"},"modified":"2023-09-05T15:23:49","modified_gmt":"2023-09-05T13:23:49","slug":"registrierung","status":"publish","type":"page","link":"https:\/\/laborreagenzien.ch\/de\/registrierung\/","title":{"rendered":"Registrierung der Benutzer"},"content":{"rendered":"<div id=\"gspb_row-id-gsbp-12845637-aff9\" class=\"gspb_row gspb_row-id-gsbp-12845637-aff9 wp-block-greenshift-blocks-row gspb_row-id-gsbp-12845637-aff9\"><div class=\"gspb_row__content\"> <div id=\"gspb_col-id-gsbp-036fee51-3c9e\" class=\"gspb_row__col--12 wp-block-greenshift-blocks-row-column  gspb_col-id-gsbp-036fee51-3c9e\"><h1 id=\"gspb_heading-id-gsbp-148b2785-e2cf\" class=\"gspb_heading gspb_heading-id-gsbp-148b2785-e2cf \">Registrierung der Benutzer<\/h1>\n\n<p><strong>Wenn Sie bereits ECSA-Kunde sind<\/strong>, geben Sie zur Registrierung Ihre Umsatzsteuer-Identifikationsnummer und Ihren Kundencode ein. <br>Wenn Sie Ihre Kundennummer nicht kennen, wenden Sie sich an unseren <a href=\"https:\/\/laborreagenzien.ch\/de\/kontakt\/\">Kundensupport<\/a>, um diese anzufordern.<\/p>\n\n<div id=\"gspb_container-id-gsbp-7e172aab-4265\" class=\"gspb_container gspb_container-gsbp-7e172aab-4265 wp-block-greenshift-blocks-container woocommerce\">\r\n<form method=\"post\" enctype=\"multipart\/form-data\" class=\"woocommerce-form woocommerce-form-register register afrfb-form-register\"  >\r\n\r\n\t<input type=\"hidden\" id=\"afrfb_nonce\" name=\"afrfb_nonce\" value=\"5a83aee2b3\" \/><input type=\"hidden\" name=\"_wp_http_referer\" value=\"\/de\/wp-json\/wp\/v2\/pages\/4450\" \/>\r\n\t\r\n\t<span class=\"ecsa-to-delete\"><\/span>\r\n\t<input type=\"hidden\" name=\"form_id\" value=\"4440\">\r\n\r\n\t<p class=\"form-row form-row-wide validate-required\" id=\"billing_piva_field\" data-priority=\"\"><label for=\"billing_piva\" class=\"\">VAT-Nr.&nbsp;<abbr class=\"required\" title=\"erforderlich\">*<\/abbr><\/label><span class=\"woocommerce-input-wrapper\"><input type=\"text\" class=\"input-text \" name=\"billing_piva\" id=\"billing_piva\" placeholder=\" z.B &quot;CHE-123.123.123&quot;\"  value=\"\" aria-required=\"true\" \/><\/span><\/p><p class=\"form-row form-row-wide\" id=\"billing_codice_cliente_form_field\" data-priority=\"\"><label for=\"billing_codice_cliente_form\" class=\"\">Kunden-Code <span class=\"form-opzione\">(Optional. F\u00fcr ECSA-Kunden: Geben Sie den Kundencode ein, um die Zahlungsart zu erkennen)<\/span>&nbsp;<span class=\"optional\">(optional)<\/span><\/label><span class=\"woocommerce-input-wrapper\"><input type=\"text\" class=\"input-text \" name=\"billing_codice_cliente_form\" id=\"billing_codice_cliente_form\" placeholder=\"\"  value=\"\"  \/><\/span><\/p><p class=\"form-row form-row-half validate-required\" id=\"first_name_field\" data-priority=\"\"><label for=\"first_name\" class=\"\"> Vorname&nbsp;<abbr class=\"required\" title=\"erforderlich\">*<\/abbr><\/label><span class=\"woocommerce-input-wrapper\"><input type=\"text\" class=\"input-text \" name=\"first_name\" id=\"first_name\" placeholder=\"\"  value=\"\" aria-required=\"true\" \/><\/span><\/p><p class=\"form-row form-row-half validate-required\" id=\"last_name_field\" data-priority=\"\"><label for=\"last_name\" class=\"\">Familienname&nbsp;<abbr class=\"required\" title=\"erforderlich\">*<\/abbr><\/label><span class=\"woocommerce-input-wrapper\"><input type=\"text\" class=\"input-text \" name=\"last_name\" id=\"last_name\" placeholder=\"\"  value=\"\" aria-required=\"true\" \/><\/span><\/p><p class=\"form-row form-row-wide validate-required\" id=\"email_field\" data-priority=\"\"><label for=\"email\" class=\"\">Email&nbsp;<abbr class=\"required\" title=\"erforderlich\">*<\/abbr><\/label><span class=\"woocommerce-input-wrapper\"><input type=\"email\" class=\"input-text \" name=\"email\" id=\"email\" placeholder=\"\"  value=\"\" aria-required=\"true\" \/><\/span><\/p><p class=\"form-row form-row-wide validate-required\" id=\"password_field\" data-priority=\"\"><label for=\"password\" class=\"\">Passwort&nbsp;<abbr class=\"required\" title=\"erforderlich\">*<\/abbr><\/label><span class=\"woocommerce-input-wrapper\"><input type=\"password\" class=\"input-text \" name=\"password\" id=\"password\" placeholder=\"\"  value=\"\" aria-required=\"true\" \/><\/span><\/p><p class=\"form-row form-row-wide\" id=\"conferma_password_field\" data-priority=\"\"><label for=\"conferma_password\" class=\"\">Best\u00e4tige das Passwort&nbsp;<span class=\"optional\">(optional)<\/span><\/label><span class=\"woocommerce-input-wrapper\"><input type=\"password\" class=\"input-text \" name=\"conferma_password\" id=\"conferma_password\" placeholder=\"\"  value=\"\"  \/><\/span><\/p><p class=\"form-row form-row-wide validate-required\" id=\"billing_company_field\" data-priority=\"\"><label for=\"billing_company\" class=\"\">Firma&nbsp;<abbr class=\"required\" title=\"erforderlich\">*<\/abbr><\/label><span class=\"woocommerce-input-wrapper\"><input type=\"text\" class=\"input-text \" name=\"billing_company\" id=\"billing_company\" placeholder=\"\"  value=\"\" aria-required=\"true\" \/><\/span><\/p><p class=\"form-row form-row-wide validate-required\" id=\"afrfb_field_4792_field\" data-priority=\"\"><label for=\"afrfb_field_4792\" class=\"\">Kategorie&nbsp;<abbr class=\"required\" title=\"erforderlich\">*<\/abbr><\/label><span class=\"woocommerce-input-wrapper\"><select name=\"afrfb_field_4792\" id=\"afrfb_field_4792\" class=\"select \" aria-required=\"true\" data-placeholder=\"\">\n\t\t\t\t\t\t\t<option value=\"Aromen_und_D\u00fcfte\" >Aromen und D\u00fcfte<\/option><option value=\"Bergbauaktivit\u00e4ten\" >Bergbauaktivit\u00e4ten<\/option><option value=\"Edelmetalle\" >Edelmetalle<\/option><option value=\"Gummi_und_Kunststoffe\" >Gummi und Kunststoffe<\/option><option value=\"Kosmetika\" >Kosmetika<\/option><option value=\"Labore\" >Labore<\/option><option value=\"Lebensmittel_und_Futtermittel\" >Lebensmittel und Futtermittel<\/option><option value=\"Metallbehandlung\" >Metallbehandlung<\/option><option value=\"Pharmazeutika_und_Nutraceuticals\" >Pharmazeutika und Nutraceuticals<\/option><option value=\"Reinigung\" >Reinigung<\/option><option value=\"Textil_&amp;_Leder\" >Textil &amp; Leder<\/option><option value=\"Wasserversorgung\" >Wasserversorgung<\/option>\n\t\t\t\t\t\t<\/select><\/span><\/p><p class=\"form-row form-row-wide validate-required\" id=\"billing_country_field\" data-priority=\"\"><label for=\"billing_country\" class=\"\">Land&nbsp;<abbr class=\"required\" title=\"erforderlich\">*<\/abbr><\/label><span class=\"woocommerce-input-wrapper\"><strong>Schweiz<\/strong><input type=\"hidden\" name=\"billing_country\" id=\"billing_country\" value=\"CH\" aria-required=\"true\" class=\"country_to_state\" readonly=\"readonly\" \/><\/span><\/p><p class=\"form-row form-row-half validate-required\" id=\"billing_city_field\" data-priority=\"\"><label for=\"billing_city\" class=\"\">Ort&nbsp;<abbr class=\"required\" title=\"erforderlich\">*<\/abbr><\/label><span class=\"woocommerce-input-wrapper\"><input type=\"text\" class=\"input-text \" name=\"billing_city\" id=\"billing_city\" placeholder=\"\"  value=\"\" aria-required=\"true\" \/><\/span><\/p><p class=\"form-row form-row-half validate-required\" id=\"billing_postcode_field\" data-priority=\"\"><label for=\"billing_postcode\" class=\"\">CAP&nbsp;<abbr class=\"required\" title=\"erforderlich\">*<\/abbr><\/label><span class=\"woocommerce-input-wrapper\"><input type=\"text\" class=\"input-text \" name=\"billing_postcode\" id=\"billing_postcode\" placeholder=\"z. B. 8000\"  value=\"\" aria-required=\"true\" \/><\/span><\/p><p class=\"form-row form-row-wide validate-required\" id=\"billing_address_1_field\" data-priority=\"\"><label for=\"billing_address_1\" class=\"\">Addresse&nbsp;<abbr class=\"required\" title=\"erforderlich\">*<\/abbr><\/label><span class=\"woocommerce-input-wrapper\"><input type=\"text\" class=\"input-text \" name=\"billing_address_1\" id=\"billing_address_1\" placeholder=\"\"  value=\"\" aria-required=\"true\" \/><\/span><\/p><p class=\"form-row form-row-wide validate-required\" id=\"billing_phone_field\" data-priority=\"\"><label for=\"billing_phone\" class=\"\">Telefon&nbsp;<abbr class=\"required\" title=\"erforderlich\">*<\/abbr><\/label><span class=\"woocommerce-input-wrapper\"><input type=\"tel\" class=\"input-text \" name=\"billing_phone\" id=\"billing_phone\" placeholder=\"\"  value=\"\" aria-required=\"true\" \/><\/span><\/p><p class=\"form-row form-row-wide validate-required\" id=\"afrfb_field_privacy_field\" data-priority=\"\"><span class=\"woocommerce-input-wrapper\"><label class=\"checkbox \" ><input type=\"checkbox\" name=\"afrfb_field_privacy\" id=\"afrfb_field_privacy\" value=\"1\" class=\"input-checkbox \"  aria-required=\"true\" \/> Ich erkl\u00e4re, dass ich den Inhalt der <a href=\"https:\/\/laborreagenzien.ch\/de\/privacy-policy\/\" target=\"_blank\">Datenschutzerkl\u00e4rung<\/a> und der <a href=\"https:\/\/laborreagenzien.ch\/de\/verkaufsbedingungen\/\" target=\"_blank\">Verkaufsbedingungen<\/a> gelesen und akzeptiert habe.  <span style=\"font-size: 0.85em;display:block;margin-top:4px\"> Insbesondere Punkt 3 \u201eErkl\u00e4rung der Wahrhaftigkeit und Verantwortung des K\u00e4ufers\u201c.   Ich erkl\u00e4re, dass die angegebenen Informationen wahr sind und dass ich als Fachmann handle. Ich \u00fcbernehme die Verantwortung f\u00fcr falsche Angaben und entbinde den Verk\u00e4ufer von jeglichen Konsequenzen, die sich aus unwahren Informationen oder dem unsachgem\u00e4ssen Gebrauch der Produkte ergeben. <\/span>&nbsp;<abbr class=\"required\" title=\"erforderlich\">*<\/abbr><\/label><\/span><\/p>\r\n\t\r\n\t\r\n\t\r\n<p class=\"woocommerce-form-row form-row afrfb_align_left\">\r\n\r\n\t<input type=\"hidden\" id=\"addify-rfb-register-nonce\" name=\"addify-rfb-register-nonce\" value=\"2f048a1b57\" \/><input type=\"hidden\" name=\"_wp_http_referer\" value=\"\/de\/wp-json\/wp\/v2\/pages\/4450\" \/>\r\n\t<button type=\"submit\" class=\"woocommerce-Button woocommerce-button button woocommerce-form-register__submit\" name=\"af_form_submit\" value=\"4440\">\r\n\t\tRegistrierung\t<\/button>\r\n<\/p>\r\n\t\r\n\r\n\t\r\n<\/form>\r\n<\/div><\/div> <\/div><\/div>","protected":false},"excerpt":{"rendered":"","protected":false},"author":1,"featured_media":0,"parent":0,"menu_order":0,"comment_status":"closed","ping_status":"closed","template":"","meta":{"_gspb_post_css":"#gspb_container-id-gsbp-7e172aab-4265.gspb_container{position:relative;flex-direction:column;box-sizing:border-box;width:80%}#gspb_container-id-gsbp-7e172aab-4265.gspb_container .gspb_container__content{margin:auto}#gspb_container-id-gsbp-7e172aab-4265.gspb_container>p:last-of-type{margin-bottom:0}#gspb_col-id-gsbp-036fee51-3c9e.gspb_row__col--12>.gspb_backgroundOverlay,#gspb_container-id-gsbp-7e172aab-4265.gspb_container>.gspb_backgroundOverlay{border-top-left-radius:NaN;border-top-right-radius:NaN;border-bottom-right-radius:NaN;border-bottom-left-radius:NaN}#gspb_col-id-gsbp-036fee51-3c9e.gspb_row__col--12{width:100%}@media (max-width:575.98px){#gspb_col-id-gsbp-036fee51-3c9e.gspb_row__col--12{width:100%}}#gspb_row-id-gsbp-12845637-aff9{justify-content:space-between;margin-top:0;margin-bottom:0;position:relative;display:flex;flex-wrap:wrap}#gspb_row-id-gsbp-12845637-aff9>.gspb_row__content{display:flex;justify-content:space-between;margin:0 auto;width:100%;flex-wrap:wrap}#gspb_row-id-gsbp-12845637-aff9 div[class^=gspb_row__col]{flex-direction:column;position:relative}#gspb_row-id-gsbp-12845637-aff9 .gspb_row__col--1,#gspb_row-id-gsbp-12845637-aff9 .gspb_row__col--10,#gspb_row-id-gsbp-12845637-aff9 .gspb_row__col--11,#gspb_row-id-gsbp-12845637-aff9 .gspb_row__col--12,#gspb_row-id-gsbp-12845637-aff9 .gspb_row__col--2,#gspb_row-id-gsbp-12845637-aff9 .gspb_row__col--24,#gspb_row-id-gsbp-12845637-aff9 .gspb_row__col--3,#gspb_row-id-gsbp-12845637-aff9 .gspb_row__col--4,#gspb_row-id-gsbp-12845637-aff9 .gspb_row__col--5,#gspb_row-id-gsbp-12845637-aff9 .gspb_row__col--6,#gspb_row-id-gsbp-12845637-aff9 .gspb_row__col--7,#gspb_row-id-gsbp-12845637-aff9 .gspb_row__col--8,#gspb_row-id-gsbp-12845637-aff9 .gspb_row__col--9{padding:15px min(3vw,20px);box-sizing:border-box}#gspb_row-id-gsbp-12845637-aff9>.gspb_row__content{max-width:1240px}#gspb_row-id-gsbp-12845637-aff9>.gspb_backgroundOverlay{border-top-left-radius:NaN;border-top-right-radius:NaN;border-bottom-right-radius:NaN;border-bottom-left-radius:NaN}","footnotes":""},"class_list":["post-4450","page","type-page","status-publish","hentry"],"acf":[],"yoast_head":"<!-- This site is optimized with the Yoast SEO plugin v24.0 - https:\/\/yoast.com\/wordpress\/plugins\/seo\/ -->\n<title>Registrierung der Benutzer | Carlo Erba Laborreagenzien<\/title>\n<meta name=\"description\" content=\"Registrierung der Benutzer Wenn Sie bereits ECSA-Kunde sind, geben Sie zur Registrierung Ihre Umsatzsteuer-Identifikationsnummer und Ihren Kundencode ein.\" \/>\n<meta name=\"robots\" content=\"index, follow, max-snippet:-1, max-image-preview:large, max-video-preview:-1\" \/>\n<link rel=\"canonical\" href=\"https:\/\/laborreagenzien.ch\/de\/registrierung\/\" \/>\n<meta property=\"og:locale\" content=\"de_DE\" \/>\n<meta property=\"og:type\" content=\"article\" \/>\n<meta property=\"og:title\" content=\"Registrierung der Benutzer | Carlo Erba Laborreagenzien\" \/>\n<meta property=\"og:description\" content=\"Registrierung der Benutzer Wenn Sie bereits ECSA-Kunde sind, geben Sie zur Registrierung Ihre Umsatzsteuer-Identifikationsnummer und Ihren Kundencode ein.\" \/>\n<meta property=\"og:url\" content=\"https:\/\/laborreagenzien.ch\/de\/registrierung\/\" \/>\n<meta property=\"og:site_name\" content=\"Carlo Erba Laborreagenzien\" \/>\n<meta property=\"article:modified_time\" content=\"2023-09-05T13:23:49+00:00\" \/>\n<meta property=\"og:image\" content=\"https:\/\/laborreagenzien.ch\/wp-content\/uploads\/2023\/06\/633d8e144d54eb303cc27068_chimica3.webp\" \/>\n\t<meta property=\"og:image:width\" content=\"1920\" \/>\n\t<meta property=\"og:image:height\" content=\"1080\" \/>\n\t<meta property=\"og:image:type\" content=\"image\/webp\" \/>\n<meta name=\"twitter:card\" content=\"summary_large_image\" \/>\n<meta name=\"twitter:label1\" content=\"Gesch\u00e4tzte Lesezeit\" \/>\n\t<meta name=\"twitter:data1\" content=\"1\u00a0Minute\" \/>\n<script type=\"application\/ld+json\" class=\"yoast-schema-graph\">{\"@context\":\"https:\/\/schema.org\",\"@graph\":[{\"@type\":\"WebPage\",\"@id\":\"https:\/\/laborreagenzien.ch\/de\/registrierung\/\",\"url\":\"https:\/\/laborreagenzien.ch\/de\/registrierung\/\",\"name\":\"Registrierung der Benutzer | Carlo Erba Laborreagenzien\",\"isPartOf\":{\"@id\":\"https:\/\/laborreagenzien.ch\/de\/#website\"},\"datePublished\":\"2023-07-31T15:45:35+00:00\",\"dateModified\":\"2023-09-05T13:23:49+00:00\",\"description\":\"Registrierung der Benutzer Wenn Sie bereits ECSA-Kunde sind, geben Sie zur Registrierung Ihre Umsatzsteuer-Identifikationsnummer und Ihren Kundencode ein.\",\"breadcrumb\":{\"@id\":\"https:\/\/laborreagenzien.ch\/de\/registrierung\/#breadcrumb\"},\"inLanguage\":\"de\",\"potentialAction\":[{\"@type\":\"ReadAction\",\"target\":[\"https:\/\/laborreagenzien.ch\/de\/registrierung\/\"]}]},{\"@type\":\"BreadcrumbList\",\"@id\":\"https:\/\/laborreagenzien.ch\/de\/registrierung\/#breadcrumb\",\"itemListElement\":[{\"@type\":\"ListItem\",\"position\":1,\"name\":\"Home\",\"item\":\"https:\/\/laborreagenzien.ch\/de\/\"},{\"@type\":\"ListItem\",\"position\":2,\"name\":\"Registrierung der Benutzer\"}]},{\"@type\":\"WebSite\",\"@id\":\"https:\/\/laborreagenzien.ch\/de\/#website\",\"url\":\"https:\/\/laborreagenzien.ch\/de\/\",\"name\":\"Carlo Erba Laborreagenzien\",\"description\":\"Carlo Erba Laborreagenzien\",\"publisher\":{\"@id\":\"https:\/\/laborreagenzien.ch\/de\/#organization\"},\"alternateName\":\"ECSA Reagents\",\"potentialAction\":[{\"@type\":\"SearchAction\",\"target\":{\"@type\":\"EntryPoint\",\"urlTemplate\":\"https:\/\/laborreagenzien.ch\/de\/?s={search_term_string}\"},\"query-input\":{\"@type\":\"PropertyValueSpecification\",\"valueRequired\":true,\"valueName\":\"search_term_string\"}}],\"inLanguage\":\"de\"},{\"@type\":\"Organization\",\"@id\":\"https:\/\/laborreagenzien.ch\/de\/#organization\",\"name\":\"Carlo Erba Laborreagenzien\",\"alternateName\":\"ECSA Reagents\",\"url\":\"https:\/\/laborreagenzien.ch\/de\/\",\"logo\":{\"@type\":\"ImageObject\",\"inLanguage\":\"de\",\"@id\":\"https:\/\/laborreagenzien.ch\/de\/#\/schema\/logo\/image\/\",\"url\":\"\",\"contentUrl\":\"\",\"caption\":\"Carlo Erba Laborreagenzien\"},\"image\":{\"@id\":\"https:\/\/laborreagenzien.ch\/de\/#\/schema\/logo\/image\/\"},\"sameAs\":[\"https:\/\/www.linkedin.com\/company\/ecsa-chemicals\/\",\"https:\/\/www.youtube.com\/channel\/UC5gIJhXOexpzO-zHUSytU9g\"]}]}<\/script>\n<!-- \/ Yoast SEO plugin. -->","yoast_head_json":{"title":"Registrierung der Benutzer | Carlo Erba Laborreagenzien","description":"Registrierung der Benutzer Wenn Sie bereits ECSA-Kunde sind, geben Sie zur Registrierung Ihre Umsatzsteuer-Identifikationsnummer und Ihren Kundencode ein.","robots":{"index":"index","follow":"follow","max-snippet":"max-snippet:-1","max-image-preview":"max-image-preview:large","max-video-preview":"max-video-preview:-1"},"canonical":"https:\/\/laborreagenzien.ch\/de\/registrierung\/","og_locale":"de_DE","og_type":"article","og_title":"Registrierung der Benutzer | Carlo Erba Laborreagenzien","og_description":"Registrierung der Benutzer Wenn Sie bereits ECSA-Kunde sind, geben Sie zur Registrierung Ihre Umsatzsteuer-Identifikationsnummer und Ihren Kundencode ein.","og_url":"https:\/\/laborreagenzien.ch\/de\/registrierung\/","og_site_name":"Carlo Erba Laborreagenzien","article_modified_time":"2023-09-05T13:23:49+00:00","og_image":[{"width":1920,"height":1080,"url":"https:\/\/laborreagenzien.ch\/wp-content\/uploads\/2023\/06\/633d8e144d54eb303cc27068_chimica3.webp","type":"image\/webp"}],"twitter_card":"summary_large_image","twitter_misc":{"Gesch\u00e4tzte Lesezeit":"1\u00a0Minute"},"schema":{"@context":"https:\/\/schema.org","@graph":[{"@type":"WebPage","@id":"https:\/\/laborreagenzien.ch\/de\/registrierung\/","url":"https:\/\/laborreagenzien.ch\/de\/registrierung\/","name":"Registrierung der Benutzer | Carlo Erba Laborreagenzien","isPartOf":{"@id":"https:\/\/laborreagenzien.ch\/de\/#website"},"datePublished":"2023-07-31T15:45:35+00:00","dateModified":"2023-09-05T13:23:49+00:00","description":"Registrierung der Benutzer Wenn Sie bereits ECSA-Kunde sind, geben Sie zur Registrierung Ihre Umsatzsteuer-Identifikationsnummer und Ihren Kundencode ein.","breadcrumb":{"@id":"https:\/\/laborreagenzien.ch\/de\/registrierung\/#breadcrumb"},"inLanguage":"de","potentialAction":[{"@type":"ReadAction","target":["https:\/\/laborreagenzien.ch\/de\/registrierung\/"]}]},{"@type":"BreadcrumbList","@id":"https:\/\/laborreagenzien.ch\/de\/registrierung\/#breadcrumb","itemListElement":[{"@type":"ListItem","position":1,"name":"Home","item":"https:\/\/laborreagenzien.ch\/de\/"},{"@type":"ListItem","position":2,"name":"Registrierung der Benutzer"}]},{"@type":"WebSite","@id":"https:\/\/laborreagenzien.ch\/de\/#website","url":"https:\/\/laborreagenzien.ch\/de\/","name":"Carlo Erba Laborreagenzien","description":"Carlo Erba Laborreagenzien","publisher":{"@id":"https:\/\/laborreagenzien.ch\/de\/#organization"},"alternateName":"ECSA Reagents","potentialAction":[{"@type":"SearchAction","target":{"@type":"EntryPoint","urlTemplate":"https:\/\/laborreagenzien.ch\/de\/?s={search_term_string}"},"query-input":{"@type":"PropertyValueSpecification","valueRequired":true,"valueName":"search_term_string"}}],"inLanguage":"de"},{"@type":"Organization","@id":"https:\/\/laborreagenzien.ch\/de\/#organization","name":"Carlo Erba Laborreagenzien","alternateName":"ECSA Reagents","url":"https:\/\/laborreagenzien.ch\/de\/","logo":{"@type":"ImageObject","inLanguage":"de","@id":"https:\/\/laborreagenzien.ch\/de\/#\/schema\/logo\/image\/","url":"","contentUrl":"","caption":"Carlo Erba Laborreagenzien"},"image":{"@id":"https:\/\/laborreagenzien.ch\/de\/#\/schema\/logo\/image\/"},"sameAs":["https:\/\/www.linkedin.com\/company\/ecsa-chemicals\/","https:\/\/www.youtube.com\/channel\/UC5gIJhXOexpzO-zHUSytU9g"]}]}},"_links":{"self":[{"href":"https:\/\/laborreagenzien.ch\/de\/wp-json\/wp\/v2\/pages\/4450","targetHints":{"allow":["GET"]}}],"collection":[{"href":"https:\/\/laborreagenzien.ch\/de\/wp-json\/wp\/v2\/pages"}],"about":[{"href":"https:\/\/laborreagenzien.ch\/de\/wp-json\/wp\/v2\/types\/page"}],"author":[{"embeddable":true,"href":"https:\/\/laborreagenzien.ch\/de\/wp-json\/wp\/v2\/users\/1"}],"replies":[{"embeddable":true,"href":"https:\/\/laborreagenzien.ch\/de\/wp-json\/wp\/v2\/comments?post=4450"}],"version-history":[{"count":3,"href":"https:\/\/laborreagenzien.ch\/de\/wp-json\/wp\/v2\/pages\/4450\/revisions"}],"predecessor-version":[{"id":4846,"href":"https:\/\/laborreagenzien.ch\/de\/wp-json\/wp\/v2\/pages\/4450\/revisions\/4846"}],"wp:attachment":[{"href":"https:\/\/laborreagenzien.ch\/de\/wp-json\/wp\/v2\/media?parent=4450"}],"curies":[{"name":"wp","href":"https:\/\/api.w.org\/{rel}","templated":true}]}}