{"id":3477,"date":"2023-07-05T09:16:17","date_gmt":"2023-07-05T07:16:17","guid":{"rendered":"https:\/\/laborreagenzien.ch\/cookie-policy\/"},"modified":"2023-07-17T16:55:14","modified_gmt":"2023-07-17T14:55:14","slug":"cookie-policy","status":"publish","type":"page","link":"https:\/\/laborreagenzien.ch\/de\/cookie-policy\/","title":{"rendered":"Cookie policy"},"content":{"rendered":"<div id=\"gspb_row-id-gsbp-a58c98d8-f003\" class=\"gspb_row gspb_row-id-gsbp-a58c98d8-f003 wp-block-greenshift-blocks-row alignfull gspb_row-id-gsbp-a58c98d8-f003\"><div class=\"gspb_backgroundOverlay\"><\/div><div class=\"gspb_row__content\"> <div id=\"gspb_col-id-gsbp-d2205c12-46ec\" class=\"gspb_row__col--12 wp-block-greenshift-blocks-row-column  gspb_col-id-gsbp-d2205c12-46ec\"><h1 id=\"gspb_heading-id-gsbp-609d80da-cfd5\" class=\"gspb_heading gspb_heading-id-gsbp-609d80da-cfd5 \">Cookie policy<\/h1><\/div> <\/div><\/div><div id=\"gspb_row-id-gsbp-f52cd32f-1b0c\" class=\"gspb_row gspb_row-id-gsbp-f52cd32f-1b0c wp-block-greenshift-blocks-row gspb_row-id-gsbp-f52cd32f-1b0c\"><div class=\"gspb_row__content\"> <div id=\"gspb_col-id-gsbp-6f8ec93f-2036\" class=\"gspb_row__col--12 wp-block-greenshift-blocks-row-column  gspb_col-id-gsbp-6f8ec93f-2036\"><div id=\"gspb_container-id-gsbp-cb3a5fad-02c9\" class=\"gspb_container gspb_container-gsbp-cb3a5fad-02c9 wp-block-greenshift-blocks-container\"><h2 id=\"gspb_heading-id-gsbp-69254346-679d\" class=\"gspb_heading gspb_heading-id-gsbp-69254346-679d \"><strong>Welche Cookies werden verwendet und welche Funktion erf\u00fcllen sie?<\/strong><\/h2>\n\n<p>Die Website verwendet so genannte Cookies, um die Bereitstellung der Funktionen und\/oder Dienste der Website selbst zu gew\u00e4hrleisten und deren Funktion zu verbessern.<\/p>\n\n<h2 id=\"gspb_heading-id-gsbp-fd11aa65-5bb4\" class=\"gspb_heading gspb_heading-id-gsbp-fd11aa65-5bb4 \"><strong><strong>Was sind Cookies?<\/strong><\/strong><\/h2>\n\n<p>Cookies sind kleine Textfragmente, die in der Regel aus Buchstaben und\/oder Zahlen bestehen und von der besuchten Website gesendet und von der Internet-Browser-Software (Browser) gespeichert werden, die auf dem vom Nutzer zum Surfen verwendeten Ger\u00e4t (PC, Smartphone, Tablet usw.) installiert ist. Die Cookies werden dann beim n\u00e4chsten Besuch des Nutzers wieder an die Website \u00fcbermittelt.<\/p>\n\n<p>Die in Cookies kodierten Informationen k\u00f6nnen personenbezogene Daten wie IP-Adresse, Benutzername oder E-Mail-Adresse, aber auch nicht personenbezogene Daten wie Spracheinstellungen oder Informationen \u00fcber die Art des Ger\u00e4ts, das eine Person zum Surfen auf der Website verwendet, enthalten.<\/p>\n\n<p>Cookies k\u00f6nnen daher wichtige und vielf\u00e4ltige Funktionen erf\u00fcllen, wie z. B. die \u00dcberwachung von Sitzungen, die Speicherung von Informationen \u00fcber bestimmte Konfigurationen der Benutzer, die auf den Server zugreifen, oder die Vereinfachung der Nutzung von Online-Inhalten. Sie k\u00f6nnen beispielsweise dazu verwendet werden, die Artikel in einem Online-Einkaufswagen oder die zum Ausf\u00fcllen eines Computerformulars verwendeten Informationen zu verfolgen. Wenn es einerseits durch Cookies m\u00f6glich ist, das Laden von Webseiten zu beschleunigen und Informationen \u00fcber ein Netzwerk zu leiten \u2013 in \u00dcbereinstimmung mit der Erf\u00fcllung von Aufgaben, die eng mit dem Betrieb der Webseiten verbunden sind \u2013 so ist es andererseits durch Cookies auch m\u00f6glich, verhaltensbezogene Werbung zu \u00fcbermitteln und die Wirksamkeit der Werbebotschaft zu messen, d.h. die Art und die Modalit\u00e4ten der erbrachten Dienstleistungen an das Verhalten des Benutzers anzupassen.<\/p>\n\n<p>Das gleiche Ergebnis kann auch durch die Verwendung anderer Tracking-Tools erzielt werden, die eine \u00e4hnliche Verarbeitung wie bei der Verwendung von Cookies erm\u00f6glichen. Zu diesen Verfolgungsinstrumenten geh\u00f6rt das Fingerprinting, d. h. die Technik zur Identifizierung des vom Benutzer verwendeten Ger\u00e4ts durch Erfassung aller oder einiger Informationen \u00fcber die vom Benutzer verwendete spezifische Ger\u00e4tekonfiguration. Diese Technik kann auch zur Erstellung von Profilen verwendet werden, um personalisierte verhaltensbezogene Werbung anzuzeigen und das Verhalten der Website-Besucher zu analysieren und zu \u00fcberwachen, also um die Art und Weise der erbrachten Dienstleistungen an das Verhalten des Nutzers anzupassen. Von nun an werden auch diese anderen Tracking-Tools in die Definition von Cookies einbezogen.<\/p>\n\n<h2 id=\"gspb_heading-id-gsbp-5ed83d78-0179\" class=\"gspb_heading gspb_heading-id-gsbp-5ed83d78-0179 \"><strong><strong><strong>Wie werden Cookies klassifiziert?<\/strong><\/strong><\/strong><\/h2>\n\n<p>Cookies k\u00f6nnen nach folgenden Aspekten unterschieden werden:<\/p>\n\n<p>\u2022\u00a0Zweck (technische, analytische oder Profilerstellungs-Cookies).<\/p>\n\n<p>\u2022\u00a0Herkunft (Cookies von Erst-oder Drittanbietern);<\/p>\n\n<p>\u2022\u00a0Dauer (Sitzungscookies oder persistente Cookies);<\/p>\n\n<p>Je nach Zweck werden Cookies in technische Cookies, analytische Cookies und Profilerstellungs-Cookies unterteilt.<\/p>\n\n<p>Technische Cookies werden ausschliesslich f\u00fcr die \u00dcbertragung einer Nachricht \u00fcber ein elektronisches Kommunikationsnetz oder in dem Umfang verwendet, der f\u00fcr den Anbieter eines vom Nutzer ausdr\u00fccklich angeforderten Dienstes der Informationsgesellschaft unbedingt erforderlich ist, um diesen Dienst bereitzustellen. Technische Cookies sind f\u00fcr das ordnungsgem\u00e4sse Funktionieren einer Website unabdingbar und werden f\u00fcr die Verwaltung verschiedener Dienste im Zusammenhang mit der Website selbst verwendet (z. B. f\u00fcr die Anmeldung oder den Zugang zu gesch\u00fctzten Funktionen auf den Websites). Die Dauer der Anwendung der Cookies ist streng auf die Arbeitssitzung beschr\u00e4nkt, oder sie kann l\u00e4nger anhalten, um die Entscheidungen des Nutzers zu speichern. Die Deaktivierung unbedingt notwendiger Cookies kann sich auf die Benutzerfreundlichkeit und das Surfen auf der Website auswirken. Die Verwendung von technischen Cookies bedarf nicht der vorherigen Zustimmung des Nutzers.<\/p>\n\n<p>Analytische Cookies sind Cookies, die dazu dienen, Informationen \u00fcber die Nutzung der Website zu sammeln. Sie dienen insbesondere dazu, die Zugriffe auf die Website statistisch zu analysieren und die Struktur, die Navigationslogik und den Inhalt der Website zu verbessern. Die gesammelten Informationen werden f\u00fcr statistische Analysen verwendet, um die Nutzung der Website zu verbessern und m\u00f6glicherweise den Inhalt interessanter und f\u00fcr die W\u00fcnsche der Nutzer relevanter zu gestalten. F\u00fcr die Verwendung von analytischen Cookies, die f\u00fcr das Funktionieren der Website nicht erforderlich sind, ist die vorherige Einholung der Zustimmung des Nutzers erforderlich. Analytische Cookies, die Minimierungsmassnahmen ergreifen, die die Identifizierungskraft der Daten verringern (z. B. Anonymisierung der Daten durch Maskierung von Teilen der IP-Adresse des Nutzers, der die Website besucht), k\u00f6nnen jedoch mit technischen Cookies gleichgesetzt werden, so dass f\u00fcr ihre Verwendung keine vorherige Einholung der Zustimmung des Nutzers erforderlich ist.<\/p>\n\n<p>Profilerstellungs-Cookies werden verwendet, um die Navigation des Nutzers zu verfolgen, sein Verhalten zu analysieren und Profile seiner Vorlieben, Gewohnheiten oder Entscheidungen usw. zu erstellen. Auf diese Weise ist es beispielsweise m\u00f6glich, gezielte Werbebotschaften zu \u00fcbermitteln, die den Interessen des Nutzers und den von ihm beim Online-Surfen ge\u00e4usserten Pr\u00e4ferenzen entsprechen. Die Verwendung von Profiling-Cookies erfordert die vorherige Zustimmung des Nutzers.<\/p>\n\n<p>Je nach ihrer Herkunft werden Cookies in Erstanbieter- und Drittanbieter-Cookies unterschieden.<\/p>\n\n<p>Cookies erster Herkunft werden direkt von der Website installiert, die der Benutzer besucht, w\u00e4hrend Cookies von Drittanbietern von einer anderen Dom\u00e4ne als derjenigen installiert werden, die der Benutzer besucht, z. B. wenn die Website Elemente von anderen Websites enth\u00e4lt, wie Bilder, Plug-ins f\u00fcr soziale Medien und soziale Netzwerke oder Werbung, oder wenn Widgets und andere Werkzeuge zur Verkn\u00fcpfung mit externen Websites und Funktionen verwendet werden.<\/p>\n\n<p>F\u00fcr Cookies von Dritten, die \u00fcber die Website installiert werden, gelten f\u00fcr diese Dritten die Verpflichtungen hinsichtlich des Schutzes personenbezogener Daten (z. B. Bereitstellung von Informationen und Einholung der Zustimmung zur Verwendung von Cookies) und es besteht die M\u00f6glichkeit, ihrer Verwendung direkt auf den Webseiten der Dritten zu widersprechen.<\/p>\n\n<p>Je nach ihrer Dauer werden Cookies in Sitzungscookies und persistente Cookies unterschieden.<\/p>\n\n<p>Cookies, die am Ende einer Browser-Sitzung auslaufen (normalerweise wenn ein Benutzer seinen Browser schliesst), werden als Sitzungscookies bezeichnet und sind z. B. n\u00fctzlich, um die Bestellung eines Benutzers zu speichern oder f\u00fcr Sicherheitszwecke, wie z. B. beim Zugriff auf das Internet-Banking oder Webmail-Konto.<\/p>\n\n<p>Cookies, die stattdessen \u00fcber einen l\u00e4ngeren Zeitraum (zwischen den Sitzungen) gespeichert werden, werden als persistente Cookies bezeichnet und sind beispielsweise n\u00fctzlich, um sich die Pr\u00e4ferenzen der Nutzer zu merken oder gezielte Werbung vorzuschlagen.<\/p>\n\n<h2 id=\"gspb_heading-id-gsbp-aaf39cc4-08e8\" class=\"gspb_heading gspb_heading-id-gsbp-aaf39cc4-08e8 \"><strong><strong><strong>Welche Cookies werden auf der Website des Datenverantwortlichen verwendet?<\/strong><\/strong><\/strong><\/h2>\n\n<p>Die von der Website des Datenverantwortlichen verwendeten Cookies sind ausschliesslich technische oder analytische Cookies, die Minimierungsmassnahmen anwenden, die die Identifizierungskraft der Daten reduzieren (gleichbedeutend mit technischen Cookies), um die Bereitstellung der Funktionalit\u00e4ten und\/oder Dienstleistungen der Website selbst zu gew\u00e4hrleisten und deren Funktion zu verbessern. Die vorherige Zustimmung des Nutzers ist f\u00fcr die Installation solcher Cookies nicht erforderlich.<\/p>\n\n<p>Die Website benutzt \u201eGoogle Analytics\u201c, einen Webanalysedienst von Google, der es erm\u00f6glicht, Informationen zu sammeln, um zu analysieren, wie Besucher die Website nutzen, mit dem Ziel, das Funktionieren der Website zu verbessern. Google Analytics wird verwendet, indem Teile der IP-Adresse maskiert werden, so dass der Nutzer, der die Website besucht, nicht direkt identifiziert werden kann.<\/p>\n\n<p>F\u00fcr weitere Informationen \u00fcber die Datenschutzbestimmungen von Google Analytics klicken Sie hier.<\/p>\n\n<p>Um Google Analytics zu deaktivieren, klicken Sie hier.<\/p>\n\n<p>Die Nutzer k\u00f6nnen \u00fcber die Einstellungen des verwendeten Browsers ihre Pr\u00e4ferenzen zu Cookies festlegen. Standardm\u00e4ssig sind fast alle Browser so eingestellt, dass sie Cookies automatisch akzeptieren. Jedoch k\u00f6nnen Benutzer \u00fcber die Einstellungen des verwendeten Browsers die Standardkonfiguration \u00e4ndern und so alle oder einige Cookies l\u00f6schen\/entfernen oder das Senden von Cookies blockieren oder auf bestimmte Websites beschr\u00e4nken. Die Deaktivierung\/Blockierung von Cookies oder deren L\u00f6schung kann die optimale Nutzung einiger Bereiche der Website beeintr\u00e4chtigen oder bestimmte Funktionen verhindern. Die Konfiguration der Cookie-Verwaltung h\u00e4ngt von dem verwendeten Browser ab. Im Folgenden finden Sie Anweisungen und Links zu Anleitungen, wie Sie die Cookies bei den wichtigsten Browsern verwalten k\u00f6nnen:<\/p>\n\n<p><strong>Google Chrome<\/strong>: Klicken Sie auf das Symbol mit den drei Punkten oben rechts und dann auf \u201eEinstellungen\u201c. Klicken Sie im Abschnitt \u201eDatenschutz und Sicherheit\u201c auf \u201eWebsite-Einstellungen\u201c. Passen Sie dann die Cookie-Einstellungen an, indem Sie \u201eCookies und Websitedaten\u201c ausw\u00e4hlen. Klicken Sie hier f\u00fcr weitere Informationen.<\/p>\n\n<p><strong>Mozilla Firefox<\/strong>: Klicken Sie auf das Symbol mit den drei horizontalen Strichen oben rechts und w\u00e4hlen Sie \u201eEinstellungen\u201c. \u00d6ffnen Sie dann die Seite \u201eDatenschutz &amp; Sicherheit\u201c, um die von Ihnen gew\u00fcnschten Cookie-Einstellungen einzustellen. Klicken Sie hier f\u00fcr weitere Informationen.<\/p>\n\n<p><strong>Microsoft Edge<\/strong>: Klicken Sie auf das Symbol mit den drei horizontalen Punkten rechts oben und w\u00e4hlen Sie \u201eEinstellungen\u201c. \u00d6ffnen Sie dann die Seite \u201eCookies und Websiteberechtigungen\u201c, um die von Ihnen gew\u00fcnschten Cookie-Einstellungen vorzunehmen. Klicken Sie hier f\u00fcr weitere Informationen.<\/p>\n\n<p><strong>Microsoft Internet Explorer<\/strong>: Klicken Sie auf das Zahnrad-Symbol rechts oben und w\u00e4hlen Sie \u201eInternetoptionen\u201c. \u00d6ffnen Sie die Registerkarte \u201eDatenschutz\u201c, w\u00e4hlen Sie \u201eErweitert\u201c und nehmen Sie die von Ihnen gew\u00fcnschten Cookie-Einstellungen vor. Klicken Sie hier f\u00fcr weitere Informationen.<\/p>\n\n<p><strong>Apple Safari<\/strong>: Gehen Sie zu \u201eEinstellungen\u201c und anschliessend zu \u201eDatenschutz\u201c, um die von Ihnen gew\u00fcnschten Cookie-Einstellungen vorzunehmen. Klicken Sie hier f\u00fcr weitere Informationen.<\/p>\n\n<p><strong>Opera<\/strong>: W\u00e4hlen Sie das Symbol mit den drei horizontalen Balken oben rechts und dann \u201eErweitert\u201c. W\u00e4hlen Sie \u201eDatenschutz und Sicherheit\u201c und dann \u201eWebsite-Einstellungen\u201c. Passen Sie im Abschnitt \u201eCookies und Website-Daten\u201c Ihre Cookie-Einstellungen an. Klicken Sie hier f\u00fcr weitere Informationen.<\/p>\n\n<p>Bei anderen als den oben aufgef\u00fchrten Browsern m\u00fcssen Sie in der jeweiligen Anleitung nachsehen, wie Sie die Cookies verwalten k\u00f6nnen.<\/p><\/div><\/div> <\/div><\/div>","protected":false},"excerpt":{"rendered":"","protected":false},"author":1,"featured_media":0,"parent":0,"menu_order":0,"comment_status":"closed","ping_status":"closed","template":"","meta":{"_gspb_post_css":"#gspb_heading-id-gsbp-609d80da-cfd5,#gspb_heading-id-gsbp-609d80da-cfd5 .wp-block{font-size:2rem}@media (max-width:767.98px){#gspb_heading-id-gsbp-609d80da-cfd5,#gspb_heading-id-gsbp-609d80da-cfd5 .wp-block{font-size:1.8rem}}#gspb_heading-id-gsbp-609d80da-cfd5,#gspb_heading-id-gsbp-609d80da-cfd5 .gsap-g-line,#gspb_heading-id-gsbp-609d80da-cfd5 .wp-block{text-align:left!important}#gspb_heading-id-gsbp-609d80da-cfd5,#gspb_heading-id-gsbp-609d80da-cfd5 .wp-block{font-weight:500!important;color:var(--wp--preset--color--base, #FFFFFF)}#gspb_heading-id-gsbp-609d80da-cfd5{margin-top:0;margin-bottom:0}#gspb_col-id-gsbp-d2205c12-46ec.gspb_row__col--12{width:100%}@media (max-width:575.98px){#gspb_col-id-gsbp-d2205c12-46ec.gspb_row__col--12{width:100%}}#gspb_row-id-gsbp-a58c98d8-f003.gspb_row{justify-content:space-between;margin-top:0;margin-bottom:0;position:relative;display:flex;flex-wrap:wrap;padding-top:6rem;padding-bottom:6rem;background-color:var(--wp--preset--color--quinto, #F2F7FB);background-size:cover;background-repeat:no-repeat;background-position:22% 77%;background-image:url(https:\/\/laborreagenzien.ch\/wp-content\/uploads\/2023\/06\/hero_prodotti.jpeg);z-index:0}#gspb_row-id-gsbp-a58c98d8-f003.gspb_row>.gspb_row__content{display:flex;justify-content:space-between;margin:0 auto;width:100%;flex-wrap:wrap}#gspb_row-id-gsbp-a58c98d8-f003.gspb_row div[class^=gspb_row__col],#gspb_row-id-gsbp-f52cd32f-1b0c.gspb_row div[class^=gspb_row__col]{flex-direction:column;position:relative}#gspb_row-id-gsbp-a58c98d8-f003.gspb_row .gspb_row__col--1,#gspb_row-id-gsbp-a58c98d8-f003.gspb_row .gspb_row__col--10,#gspb_row-id-gsbp-a58c98d8-f003.gspb_row .gspb_row__col--11,#gspb_row-id-gsbp-a58c98d8-f003.gspb_row .gspb_row__col--12,#gspb_row-id-gsbp-a58c98d8-f003.gspb_row .gspb_row__col--2,#gspb_row-id-gsbp-a58c98d8-f003.gspb_row .gspb_row__col--24,#gspb_row-id-gsbp-a58c98d8-f003.gspb_row .gspb_row__col--3,#gspb_row-id-gsbp-a58c98d8-f003.gspb_row .gspb_row__col--4,#gspb_row-id-gsbp-a58c98d8-f003.gspb_row .gspb_row__col--5,#gspb_row-id-gsbp-a58c98d8-f003.gspb_row .gspb_row__col--6,#gspb_row-id-gsbp-a58c98d8-f003.gspb_row .gspb_row__col--7,#gspb_row-id-gsbp-a58c98d8-f003.gspb_row .gspb_row__col--8,#gspb_row-id-gsbp-a58c98d8-f003.gspb_row .gspb_row__col--9{padding:15px min(3vw,20px);box-sizing:border-box}#gspb_row-id-gsbp-a58c98d8-f003.gspb_row>.gspb_row__content{max-width:1240px}#gspb_row-id-gsbp-a58c98d8-f003.gspb_row:hover{background-size:cover}#gspb_row-id-gsbp-a58c98d8-f003.gspb_row>.gspb_backgroundOverlay{position:absolute;top:0;left:0;width:100%;height:100%;z-index:-1;opacity:.25;background-color:var(--wp--preset--color--contrast, #586A77)}#gspb_container-id-gsbp-cb3a5fad-02c9.gspb_container{position:relative;flex-direction:column;box-sizing:border-box}#gspb_container-id-gsbp-cb3a5fad-02c9.gspb_container .gspb_container__content{margin:auto}#gspb_container-id-gsbp-cb3a5fad-02c9.gspb_container>p:last-of-type{margin-bottom:0}#gspb_col-id-gsbp-6f8ec93f-2036.gspb_row__col--12{width:100%}@media (max-width:575.98px){#gspb_col-id-gsbp-6f8ec93f-2036.gspb_row__col--12{width:100%}}#gspb_row-id-gsbp-f52cd32f-1b0c.gspb_row{justify-content:space-between;margin-top:0;margin-bottom:0;position:relative;display:flex;flex-wrap:wrap;margin-top:3rem;margin-bottom:3rem}#gspb_row-id-gsbp-f52cd32f-1b0c.gspb_row>.gspb_row__content{display:flex;justify-content:space-between;margin:0 auto;width:100%;flex-wrap:wrap}#gspb_row-id-gsbp-f52cd32f-1b0c.gspb_row .gspb_row__col--1,#gspb_row-id-gsbp-f52cd32f-1b0c.gspb_row .gspb_row__col--10,#gspb_row-id-gsbp-f52cd32f-1b0c.gspb_row .gspb_row__col--11,#gspb_row-id-gsbp-f52cd32f-1b0c.gspb_row .gspb_row__col--12,#gspb_row-id-gsbp-f52cd32f-1b0c.gspb_row .gspb_row__col--2,#gspb_row-id-gsbp-f52cd32f-1b0c.gspb_row .gspb_row__col--24,#gspb_row-id-gsbp-f52cd32f-1b0c.gspb_row .gspb_row__col--3,#gspb_row-id-gsbp-f52cd32f-1b0c.gspb_row .gspb_row__col--4,#gspb_row-id-gsbp-f52cd32f-1b0c.gspb_row .gspb_row__col--5,#gspb_row-id-gsbp-f52cd32f-1b0c.gspb_row .gspb_row__col--6,#gspb_row-id-gsbp-f52cd32f-1b0c.gspb_row .gspb_row__col--7,#gspb_row-id-gsbp-f52cd32f-1b0c.gspb_row .gspb_row__col--8,#gspb_row-id-gsbp-f52cd32f-1b0c.gspb_row .gspb_row__col--9{padding:15px min(3vw,20px);box-sizing:border-box}#gspb_row-id-gsbp-f52cd32f-1b0c.gspb_row>.gspb_row__content{max-width:1240px}","footnotes":""},"class_list":["post-3477","page","type-page","status-publish","hentry"],"acf":[],"yoast_head":"<!-- This site is optimized with the Yoast SEO plugin v24.0 - https:\/\/yoast.com\/wordpress\/plugins\/seo\/ -->\n<title>Cookie policy | Carlo Erba Laborreagenzien<\/title>\n<meta name=\"description\" content=\"Cookie policy Welche Cookies werden verwendet und welche Funktion erf\u00fcllen sie? Die Website verwendet so genannte Cookies, um die Bereitstellung der\" \/>\n<meta name=\"robots\" content=\"index, follow, max-snippet:-1, max-image-preview:large, max-video-preview:-1\" \/>\n<link rel=\"canonical\" href=\"https:\/\/laborreagenzien.ch\/de\/cookie-policy\/\" \/>\n<meta property=\"og:locale\" content=\"de_DE\" \/>\n<meta property=\"og:type\" content=\"article\" \/>\n<meta property=\"og:title\" content=\"Cookie policy | Carlo Erba Laborreagenzien\" \/>\n<meta property=\"og:description\" content=\"Cookie policy Welche Cookies werden verwendet und welche Funktion erf\u00fcllen sie? Die Website verwendet so genannte Cookies, um die Bereitstellung der\" \/>\n<meta property=\"og:url\" content=\"https:\/\/laborreagenzien.ch\/de\/cookie-policy\/\" \/>\n<meta property=\"og:site_name\" content=\"Carlo Erba Laborreagenzien\" \/>\n<meta property=\"article:modified_time\" content=\"2023-07-17T14:55:14+00:00\" \/>\n<meta property=\"og:image\" content=\"https:\/\/laborreagenzien.ch\/wp-content\/uploads\/2023\/06\/633d8e144d54eb303cc27068_chimica3.webp\" \/>\n\t<meta property=\"og:image:width\" content=\"1920\" \/>\n\t<meta property=\"og:image:height\" content=\"1080\" \/>\n\t<meta property=\"og:image:type\" content=\"image\/webp\" \/>\n<meta name=\"twitter:card\" content=\"summary_large_image\" \/>\n<meta name=\"twitter:label1\" content=\"Gesch\u00e4tzte Lesezeit\" \/>\n\t<meta name=\"twitter:data1\" content=\"7\u00a0Minuten\" \/>\n<script type=\"application\/ld+json\" class=\"yoast-schema-graph\">{\"@context\":\"https:\/\/schema.org\",\"@graph\":[{\"@type\":\"WebPage\",\"@id\":\"https:\/\/laborreagenzien.ch\/de\/cookie-policy\/\",\"url\":\"https:\/\/laborreagenzien.ch\/de\/cookie-policy\/\",\"name\":\"Cookie policy | Carlo Erba Laborreagenzien\",\"isPartOf\":{\"@id\":\"https:\/\/laborreagenzien.ch\/de\/#website\"},\"datePublished\":\"2023-07-05T07:16:17+00:00\",\"dateModified\":\"2023-07-17T14:55:14+00:00\",\"description\":\"Cookie policy Welche Cookies werden verwendet und welche Funktion erf\u00fcllen sie? Die Website verwendet so genannte Cookies, um die Bereitstellung der\",\"breadcrumb\":{\"@id\":\"https:\/\/laborreagenzien.ch\/de\/cookie-policy\/#breadcrumb\"},\"inLanguage\":\"de\",\"potentialAction\":[{\"@type\":\"ReadAction\",\"target\":[\"https:\/\/laborreagenzien.ch\/de\/cookie-policy\/\"]}]},{\"@type\":\"BreadcrumbList\",\"@id\":\"https:\/\/laborreagenzien.ch\/de\/cookie-policy\/#breadcrumb\",\"itemListElement\":[{\"@type\":\"ListItem\",\"position\":1,\"name\":\"Home\",\"item\":\"https:\/\/laborreagenzien.ch\/de\/\"},{\"@type\":\"ListItem\",\"position\":2,\"name\":\"Cookie policy\"}]},{\"@type\":\"WebSite\",\"@id\":\"https:\/\/laborreagenzien.ch\/de\/#website\",\"url\":\"https:\/\/laborreagenzien.ch\/de\/\",\"name\":\"Carlo Erba Laborreagenzien\",\"description\":\"Carlo Erba Laborreagenzien\",\"publisher\":{\"@id\":\"https:\/\/laborreagenzien.ch\/de\/#organization\"},\"alternateName\":\"ECSA Reagents\",\"potentialAction\":[{\"@type\":\"SearchAction\",\"target\":{\"@type\":\"EntryPoint\",\"urlTemplate\":\"https:\/\/laborreagenzien.ch\/de\/?s={search_term_string}\"},\"query-input\":{\"@type\":\"PropertyValueSpecification\",\"valueRequired\":true,\"valueName\":\"search_term_string\"}}],\"inLanguage\":\"de\"},{\"@type\":\"Organization\",\"@id\":\"https:\/\/laborreagenzien.ch\/de\/#organization\",\"name\":\"Carlo Erba Laborreagenzien\",\"alternateName\":\"ECSA Reagents\",\"url\":\"https:\/\/laborreagenzien.ch\/de\/\",\"logo\":{\"@type\":\"ImageObject\",\"inLanguage\":\"de\",\"@id\":\"https:\/\/laborreagenzien.ch\/de\/#\/schema\/logo\/image\/\",\"url\":\"\",\"contentUrl\":\"\",\"caption\":\"Carlo Erba Laborreagenzien\"},\"image\":{\"@id\":\"https:\/\/laborreagenzien.ch\/de\/#\/schema\/logo\/image\/\"},\"sameAs\":[\"https:\/\/www.linkedin.com\/company\/ecsa-chemicals\/\",\"https:\/\/www.youtube.com\/channel\/UC5gIJhXOexpzO-zHUSytU9g\"]}]}<\/script>\n<!-- \/ Yoast SEO plugin. -->","yoast_head_json":{"title":"Cookie policy | Carlo Erba Laborreagenzien","description":"Cookie policy Welche Cookies werden verwendet und welche Funktion erf\u00fcllen sie? Die Website verwendet so genannte Cookies, um die Bereitstellung der","robots":{"index":"index","follow":"follow","max-snippet":"max-snippet:-1","max-image-preview":"max-image-preview:large","max-video-preview":"max-video-preview:-1"},"canonical":"https:\/\/laborreagenzien.ch\/de\/cookie-policy\/","og_locale":"de_DE","og_type":"article","og_title":"Cookie policy | Carlo Erba Laborreagenzien","og_description":"Cookie policy Welche Cookies werden verwendet und welche Funktion erf\u00fcllen sie? Die Website verwendet so genannte Cookies, um die Bereitstellung der","og_url":"https:\/\/laborreagenzien.ch\/de\/cookie-policy\/","og_site_name":"Carlo Erba Laborreagenzien","article_modified_time":"2023-07-17T14:55:14+00:00","og_image":[{"width":1920,"height":1080,"url":"https:\/\/laborreagenzien.ch\/wp-content\/uploads\/2023\/06\/633d8e144d54eb303cc27068_chimica3.webp","type":"image\/webp"}],"twitter_card":"summary_large_image","twitter_misc":{"Gesch\u00e4tzte Lesezeit":"7\u00a0Minuten"},"schema":{"@context":"https:\/\/schema.org","@graph":[{"@type":"WebPage","@id":"https:\/\/laborreagenzien.ch\/de\/cookie-policy\/","url":"https:\/\/laborreagenzien.ch\/de\/cookie-policy\/","name":"Cookie policy | Carlo Erba Laborreagenzien","isPartOf":{"@id":"https:\/\/laborreagenzien.ch\/de\/#website"},"datePublished":"2023-07-05T07:16:17+00:00","dateModified":"2023-07-17T14:55:14+00:00","description":"Cookie policy Welche Cookies werden verwendet und welche Funktion erf\u00fcllen sie? Die Website verwendet so genannte Cookies, um die Bereitstellung der","breadcrumb":{"@id":"https:\/\/laborreagenzien.ch\/de\/cookie-policy\/#breadcrumb"},"inLanguage":"de","potentialAction":[{"@type":"ReadAction","target":["https:\/\/laborreagenzien.ch\/de\/cookie-policy\/"]}]},{"@type":"BreadcrumbList","@id":"https:\/\/laborreagenzien.ch\/de\/cookie-policy\/#breadcrumb","itemListElement":[{"@type":"ListItem","position":1,"name":"Home","item":"https:\/\/laborreagenzien.ch\/de\/"},{"@type":"ListItem","position":2,"name":"Cookie policy"}]},{"@type":"WebSite","@id":"https:\/\/laborreagenzien.ch\/de\/#website","url":"https:\/\/laborreagenzien.ch\/de\/","name":"Carlo Erba Laborreagenzien","description":"Carlo Erba Laborreagenzien","publisher":{"@id":"https:\/\/laborreagenzien.ch\/de\/#organization"},"alternateName":"ECSA Reagents","potentialAction":[{"@type":"SearchAction","target":{"@type":"EntryPoint","urlTemplate":"https:\/\/laborreagenzien.ch\/de\/?s={search_term_string}"},"query-input":{"@type":"PropertyValueSpecification","valueRequired":true,"valueName":"search_term_string"}}],"inLanguage":"de"},{"@type":"Organization","@id":"https:\/\/laborreagenzien.ch\/de\/#organization","name":"Carlo Erba Laborreagenzien","alternateName":"ECSA Reagents","url":"https:\/\/laborreagenzien.ch\/de\/","logo":{"@type":"ImageObject","inLanguage":"de","@id":"https:\/\/laborreagenzien.ch\/de\/#\/schema\/logo\/image\/","url":"","contentUrl":"","caption":"Carlo Erba Laborreagenzien"},"image":{"@id":"https:\/\/laborreagenzien.ch\/de\/#\/schema\/logo\/image\/"},"sameAs":["https:\/\/www.linkedin.com\/company\/ecsa-chemicals\/","https:\/\/www.youtube.com\/channel\/UC5gIJhXOexpzO-zHUSytU9g"]}]}},"_links":{"self":[{"href":"https:\/\/laborreagenzien.ch\/de\/wp-json\/wp\/v2\/pages\/3477","targetHints":{"allow":["GET"]}}],"collection":[{"href":"https:\/\/laborreagenzien.ch\/de\/wp-json\/wp\/v2\/pages"}],"about":[{"href":"https:\/\/laborreagenzien.ch\/de\/wp-json\/wp\/v2\/types\/page"}],"author":[{"embeddable":true,"href":"https:\/\/laborreagenzien.ch\/de\/wp-json\/wp\/v2\/users\/1"}],"replies":[{"embeddable":true,"href":"https:\/\/laborreagenzien.ch\/de\/wp-json\/wp\/v2\/comments?post=3477"}],"version-history":[{"count":2,"href":"https:\/\/laborreagenzien.ch\/de\/wp-json\/wp\/v2\/pages\/3477\/revisions"}],"predecessor-version":[{"id":3480,"href":"https:\/\/laborreagenzien.ch\/de\/wp-json\/wp\/v2\/pages\/3477\/revisions\/3480"}],"wp:attachment":[{"href":"https:\/\/laborreagenzien.ch\/de\/wp-json\/wp\/v2\/media?parent=3477"}],"curies":[{"name":"wp","href":"https:\/\/api.w.org\/{rel}","templated":true}]}}