{"id":3463,"date":"2023-07-06T11:31:46","date_gmt":"2023-07-06T09:31:46","guid":{"rendered":"https:\/\/laborreagenzien.ch\/condizioni-di-vendita\/"},"modified":"2025-11-10T09:42:57","modified_gmt":"2025-11-10T08:42:57","slug":"verkaufsbedingungen","status":"publish","type":"page","link":"https:\/\/laborreagenzien.ch\/de\/verkaufsbedingungen\/","title":{"rendered":"Verkaufsbedingungen"},"content":{"rendered":"<div class=\"wp-block-greenshift-blocks-row alignfull gspb_row gspb_row-id-gsbp-a58c98d8-f003\" id=\"gspb_row-id-gsbp-a58c98d8-f003\"><div class=\"gspb_backgroundOverlay\"><\/div><div class=\"gspb_row__content\"> <div class=\"wp-block-greenshift-blocks-row-column gspb_row__col--12 gspb_col-id-gsbp-d2205c12-46ec\" id=\"gspb_col-id-gsbp-d2205c12-46ec\"><h1 id=\"gspb_heading-id-gsbp-609d80da-cfd5\" class=\"gspb_heading gspb_heading-id-gsbp-609d80da-cfd5 \"><strong>ECSA CHEMICALS AG: ALLGEMEINE VERKAUFS- UND LIEFERBEDINGUNGEN<\/strong><\/h1><\/div> <\/div><\/div><div class=\"wp-block-greenshift-blocks-row gspb_row gspb_row-id-gsbp-f52cd32f-1b0c\" id=\"gspb_row-id-gsbp-f52cd32f-1b0c\"><div class=\"gspb_row__content\"> <div class=\"wp-block-greenshift-blocks-row-column gspb_row__col--12 gspb_col-id-gsbp-6f8ec93f-2036\" id=\"gspb_col-id-gsbp-6f8ec93f-2036\"><div class=\"wp-block-greenshift-blocks-container gspb_container gspb_container-gsbp-cb3a5fad-02c9\" id=\"gspb_container-id-gsbp-cb3a5fad-02c9\"><h2 class=\"wp-block-heading\" id=\"1-validita-e-conclusione-delle-cgc-e-del-contratto\"><strong>1. G\u00dcLTIGKEIT UND ABSCHLUSS DER ALLGEMEINEN VERTRAGSBEDINGUNGEN UND DES VERTRAGES<\/strong><\/h2>\n\n<p>1.1 Die vorliegenden Allgemeinen Vertragsbedingungen (AVB) regeln die Modalit\u00e4ten und die Bedingungen f\u00fcr den Verkauf und die Lieferung der von der ECSA Chemicals AG (nachfolgend \u201cLieferant\u201d) vermarkteten Produkte und stellen einen integrierenden Bestandteil des mit dem Kunden (nachfolgend \u201cBesteller\u201d) abgeschlossenen Vertrages (in der Folge \u201cVertrag\u201d) dar. Anwendbar sind die im Zeitpunkt der Bestellung geltenden AVB.<br><br>1.2 Vorliegende AVB sind verbindlich, sofern sie in der Offerte oder in der Bestellungsbest\u00e4tigung als anwendbar erkl\u00e4rt werden. Anders lautende Bedingungen des Bestellers haben nur G\u00fcltigkeit, wenn diese vom Lieferanten akzeptiert worden sind.<br><br>1.3 Der Liefervertrag gilt als abgeschlossen, wenn der Lieferant nach Eingang einer Bestellung deren Annahme schriftlich oder durch Rechnungsstellung best\u00e4tigt hat.<br><br>1.4 Der Vertrag ersetzt jegliches vorausgehende Angebot, Korrespondenz, Absichtserkl\u00e4rung oder andere m\u00fcndliche oder schriftliche Mitteilung.<br><br>1.5 F\u00fcr allf\u00e4llige \u00c4nderungen des vorliegenden Vertrages ist die schriftliche Zustimmung beider Parteien notwendig. Die Zustimmung kann auch durch elektronische \u00dcbermittlung (z.B. Telefax, eingescannte und \u00fcber E- Mail zugesandte Unterlagen) der Vertrags\u00e4nderung, versehen mit der rechtsg\u00fcltigen Unterschrift, abgegeben werden.<\/p>\n\n<h2 class=\"wp-block-heading\" id=\"1-validita-e-conclusione-delle-cgc-e-del-contratto\"><strong>2. GEGENSTAND DER LIEFERUNG<\/strong><\/h2>\n\n<p>2.1 F\u00fcr den Gegenstand der Lieferung ist die Bestellungsbest\u00e4tigung massgebend. Darin nicht enthaltene Leistungen werden besonders berechnet.<br><br>2.2 Als massgebendes Gewicht der vertraglichen Ware gilt das im Werk des Lieferanten festgestellte Gewicht.<br><br>2.3 Besondere Lieferbedingungen und Liefertermine m\u00fcssen vorg\u00e4ngig durch die Parteien vereinbart und vom Lieferanten schriftlich angenommen werden.<br><br>2.4 Leihgebinde werden zus\u00e4tzlich zur vertragsgegenst\u00e4ndlichen Ware in Rechnung gestellt. Bei R\u00fcckgabe innerhalb von sechs Monaten nach Lieferung werden sie dem K\u00e4ufer wieder gutgeschrieben.<br>Gebinde, die nach Ablauf der angegebenen Frist nicht mehr verwendbar oder zur\u00fcckbehalten werden, werden nicht gutgeschrieben. Die Qualit\u00e4tskontrolle findet nur bei ECSA Lager statt<br>Zur\u00fcckgegebene Gebinde, die nicht Eigentum des Verk\u00e4ufers sind, oder Einweggebinde werden entsorgt und die entsprechenden Kosten dem K\u00e4ufer in Rechnung gestellt.<\/p>\n\n<h2 class=\"wp-block-heading\" id=\"1-validita-e-conclusione-delle-cgc-e-del-contratto\"><strong>3. ERKL\u00c4RUNG DER WAHRHAFTIGKEIT UND VERANTWORTUNG DES K\u00c4UFERS<\/strong><\/h2>\n\n<p>Der K\u00e4ufer erkl\u00e4rt und garantiert, dass alle bei der Registrierung und dem Kauf angegebenen Informationen wahr, genau und vollst\u00e4ndig sind.<br>Der K\u00e4ufer \u00fcbernimmt die volle Verantwortung f\u00fcr falsche, unvollst\u00e4ndige oder ungenaue Angaben und verpflichtet sich, den Verk\u00e4ufer von jeglichen Sch\u00e4den, Strafen oder Konsequenzen, die sich aus solchen Angaben ergeben, freizustellen und schadlos zu halten.<br>Die Website ist ausschliesslich f\u00fcr professionelle Betreiber bestimmt. Der K\u00e4ufer erkl\u00e4rt, im Rahmen seiner beruflichen T\u00e4tigkeit zu handeln und verpflichtet sich, zu \u00fcberpr\u00fcfen, dass die gekauften Produkte den geltenden Vorschriften entsprechen und f\u00fcr den vorgesehenen Gebrauch geeignet sind, wobei er die volle Verantwortung f\u00fcr deren Einsatz \u00fcbernimmt.<br>Im Falle der Nutzung der Website oder des Kaufs in Verletzung der oben genannten Bedingungen erkennt der K\u00e4ufer an, dass der Verk\u00e4ufer nicht f\u00fcr etwaige rechtliche, administrative oder wirtschaftliche Folgen verantwortlich gemacht werden kann, die sich aus falschen Angaben oder der unsachgem\u00e4ssen Verwendung der Produkte ergeben.<\/p>\n\n<h2 class=\"wp-block-heading\" id=\"1-validita-e-conclusione-delle-cgc-e-del-contratto\"><strong>4. VORSCHRIFTEN AM BESTIMMUNGSORT<\/strong><\/h2>\n\n<p>Die Verwendung der Lieferung erfolgt ausserhalb der Kontrollm\u00f6glichkeiten des Lieferanten und liegt in jedem Fall ausschliesslich im Verantwortungsbereich des Bestellers.<\/p>\n\n<h2 class=\"wp-block-heading\" id=\"1-validita-e-conclusione-delle-cgc-e-del-contratto\"><strong><strong>5. PRE<\/strong><\/strong>IS<\/h2>\n\n<p>5.1 Die Preise verstehen sich netto inklusive Verpackung, s\u00e4mtliche Nebenkosten wie Fracht, Versicherung, Ausfuhr- und Einfuhrbewilligungen, wenn vertraglich nicht anders geregelt.<br><br>5.2 Der Besteller hat die Transportkosten und alle Arten von Steuern, Abgaben und Geb\u00fchren zu tragen.<\/p>\n\n<h2 class=\"wp-block-heading\" id=\"1-validita-e-conclusione-delle-cgc-e-del-contratto\">6. ZAHLUNGSBEDINGUNGEN<\/h2>\n\n<p>6.1 Soweit es der Vertrag nicht anders vorsieht, wird der Kaufpreis mit dem Besitz\u00fcbergang der Ware auf den Besteller f\u00e4llig.<br><br>6.2 Die Zahlungspflicht ist erf\u00fcllt, sofern der Rechnungsbetrag ohne jeden Abzug auf einem Konto des Lieferanten frei verf\u00fcgbar ist. Bankspesen gehen zu Lasten des Bestellers.<br><br>6.3 Die vereinbarten Zahlungstermine sind auch im Falle von Art. 12 einzuhalten. Jegliche Verrechnung mit Gegenforderungen des Bestellers ist ausgeschlossen.<br><br>6.4 Bei \u00dcberschreitung der Zahlungsfrist k\u00f6nnen, auch ohne besondere Mahnung, Zinsen berechnet werden. Die Verzugszinsen liegen p.a. 5% \u00fcber dem jeweiligen Diskontsatz der Schweizerischen Nationalbank, jedoch nicht unter 3%.<br><br>6.5 Ist die verkaufte Ware gegen Barbezahlung zu liefern und ger\u00e4t der Besteller mit der Bezahlung des Kaufpreises in Verzug, so ist der Lieferant berechtigt, vom Vertrag zur\u00fcckzutreten.<br><br>6.6 Bei Zahlungsr\u00fcckstand ist der Lieferant berechtigt, weitere Lieferungen zur\u00fcckzuhalten und die weitere Erf\u00fcllung von ihm geeignet erscheinenden Sicherheiten, einschliesslich Vorauszahlung, abh\u00e4ngig zu machen. Ausserdem werden s\u00e4mtliche Anspr\u00fcche des Lieferanten aus der Gesch\u00e4ftsverbindung sofort f\u00e4llig. Im \u00dcbrigen bleiben s\u00e4mtliche Rechte des Lieferanten ausdr\u00fccklich vorbehalten. Insbesondere ist der Lieferant im Falle des Verzugs des Bestellers berechtigt, auch ohne Nachfristenansetzung, vom Vertrag zur\u00fcckzutreten.<br><br>6.7 Bei versp\u00e4teter Zahlung nach der auf der Rechnung angegebenen Frist werden Verwaltungskosten in H\u00f6he von CHF 40 verrechnet<br><br>6.8 Die Rechnung wird in digitalem Format ausgestellt und per E-Mail an den vom K\u00e4ufer in der Gestaltungsphase des Kaufvertrags angegebenen Kontakt gesandt. Wird die Rechnung in Papierform angefordert und auf dem normalen Postweg versandt, so werden pro Rechnung zuz\u00fcglich zum Verkaufspreis Kosten in H\u00f6he von 2.- CHF in Rechnung gestellt.<\/p>\n\n<h2 class=\"wp-block-heading\" id=\"1-validita-e-conclusione-delle-cgc-e-del-contratto\"><strong>7. EIGENTUMSVORBEHALT<\/strong><\/h2>\n\n<p>7.1 Der Lieferant beh\u00e4lt sich das Eigentum an seiner Lieferung bis zu ihrer vollst\u00e4ndigen Bezahlung vor.<br><br>7.2 Der Besteller erm\u00e4chtigt den Lieferanten, die Eintragung im amtlichen Register auf Kosten des Bestellers vornehmen zu lassen.<br><br>7.3 Der Besteller ist verpflichtet, jederzeit bei denjenigen Massnahmen hinzuwirken, die zum Schutz des Eigentums des Lieferanten erforderlich sind und Domizil- resp. Sitzwechsel dem Lieferanten unverz\u00fcglich zu melden.<\/p>\n\n<h2 class=\"wp-block-heading\" id=\"1-validita-e-conclusione-delle-cgc-e-del-contratto\"><strong>8.<\/strong> LIEFERFRIST<\/h2>\n\n<p>8.1 Die Lieferfrist beginnt, sobald der Vertrag abgeschlossen ist, der Lieferant \u00fcber die Ware in seinem Werk verf\u00fcgt und s\u00e4mtliche beh\u00f6rdliche Formalit\u00e4ten wie Einfuhr- und Zahlungsbewilligungen usw. eingeholt sind.<br><br>8.2 Der Besteller hat keinen Anspruch auf Schadenersatz oder Aufl\u00f6sung des Vertrages wegen Versp\u00e4tung der Lieferung.<\/p>\n\n<h2 class=\"wp-block-heading\" id=\"1-validita-e-conclusione-delle-cgc-e-del-contratto\"><strong>9. NUTZEN UND GEFAHR<\/strong><\/h2>\n\n<p>9.1 Nutzen und Gefahr gehen sp\u00e4testens bei der Ankunft der Ware beim Besteller auf diesen \u00fcber.<br>\u00a0<br>9.2 Wird der Versand aus den in Art. 1.2 genannten Gr\u00fcnden verz\u00f6gert oder verunm\u00f6glicht, so wird die Lieferung auf Rechnung und Gefahr des Bestellers gelagert.<\/p>\n\n<h2 class=\"wp-block-heading\" id=\"1-validita-e-conclusione-delle-cgc-e-del-contratto\"><strong><strong>10. BEANSTANDUNGEN<\/strong><\/strong><\/h2>\n\n<p>10.1 Der Besteller hat zu pr\u00fcfen, ob die gelieferte Ware einwandfrei und f\u00fcr den vorgesehenen Einsatz geeignet ist.<br><br>10.2 Beanstandungen hinsichtlich Beschaffenheit, Menge oder Preis, sind unverz\u00fcglich sp\u00e4testens 14 Tage nach Erhalt der Ware, schriftlich dem Lieferanten anzuzeigen.<br><br>10.3 Unterl\u00e4sst der Besteller die Pr\u00fcfung des Zustandes der erhaltenen Ware oder die unverz\u00fcgliche Mitteilung von allf\u00e4lligen Beanstandungen, gilt die verkaufte Ware auch hinsichtlich dieser M\u00e4ngel als genehmigt und es entf\u00e4llt f\u00fcr den Lieferanten jegliche Haftung.<br><br>10.4 Bei ordnungsgem\u00e4ss angezeigten und begr\u00fcndeten Beanstandungen, verpflichtet sich der Lieferant, nachgewiesen mangelhafte Ware so rasch als m\u00f6glich nach seiner Wahl zu ersetzen oder nachzubessern. Ersetzte Ware wird Eigentum des Lieferanten.<br><br>10.5 Schadenersatzanspr\u00fcche auf Grund von M\u00e4ngeln, Fehlmengen oder schuldhaften Verletzung von Nebenpflichten sind der H\u00f6he nach auf den Wert der gelieferten Ware beschr\u00e4nkt. Weitere Anspr\u00fcche, insbesondere solche auf Ersatz weitergehender Sch\u00e4den, die nicht an der Ware selbst entstanden sind, sind ausgeschlossen (Produktehaftplichtversicherung).<\/p>\n\n<h2 class=\"wp-block-heading\" id=\"1-validita-e-conclusione-delle-cgc-e-del-contratto\">11. H\u00d6HERE GEWALT<\/h2>\n\n<p>Der Lieferant haftet nicht f\u00fcr die durch Ereignisse h\u00f6herer Gewalt bedingte Nichterf\u00fcllung der Vertragesverpflichtungen. H\u00f6here Gewalt sind alle Hindernisse, die ausserhalb des Willens des Lieferanten liegen, ungeachtet dessen, ob sie bei ihm, beim Besteller oder bei einem Dritten entstehen. Solche Hindernisse&nbsp; sind&nbsp; beispielsweise&nbsp; Epidemien,&nbsp; Mobilmachung,&nbsp; Krieg,&nbsp; Aufruhr, Unf\u00e4lle, Arbeitskonflikte, versp\u00e4tete oder fehlerhafte Zulieferung der n\u00f6tigen Ware, Knappheit von Rohstoffen, beh\u00f6rdliche Massnahmen, Naturereignisse.<\/p>\n\n<h2 class=\"wp-block-heading\" id=\"1-validita-e-conclusione-delle-cgc-e-del-contratto\"><strong>12. DATENSCHUTZ<\/strong><\/h2>\n\n<p>A partire dalla vostra approvazione i dati necessari alla stipulazione o alla gestione di un contratto potranno essere scambiati con autorit\u00e0 pubbliche o aziende, se e nella misura in cui ci\u00f2 si renda indispensabile per le informazioni di credito o il disbrigo del contatto.<\/p>\n\n<h2 class=\"wp-block-heading\" id=\"1-validita-e-conclusione-delle-cgc-e-del-contratto\"><strong><strong>13. TEILNICHTIGKEIT<\/strong><\/strong><\/h2>\n\n<p>Sollten einzelne Klauseln dieser AVB ganz oder teilweise ung\u00fcltig sein, so ber\u00fchrt das die Wirksamkeit der \u00fcbrigen Klauseln bzw. der \u00fcbrigen Teile solcher Klauseln und die G\u00fcltigkeit des Vertrages nicht. Eine unwirksame Regelung gilt als durch eine solche Regelung ersetzt, die dem wirtschaftlichen Zweck der unwirksamen Regelung am n\u00e4chsten kommt und wirksam ist.<\/p>\n\n<h2 class=\"wp-block-heading\" id=\"1-validita-e-conclusione-delle-cgc-e-del-contratto\"><strong>114. <\/strong>ERF\u00dcLLUNGSORT, GERICHTSSTAND UND ANWENDBARES RECHT<\/h2>\n\n<p>14.1 Alle zwischen Besteller und Lieferanten bestehenden Rechtsbeziehungen unterstehen schweizerischem Recht.<br><br>14.2 Erf\u00fcllungsort, ausschliesslicher Gerichtsstand f\u00fcr alle Verfahrensarten sowie Betreibungsort (letzteres jedoch nur f\u00fcr Besteller mit ausl\u00e4ndischem Wohnsitz) ist Mendrisio (Schweiz). Der Lieferant hat aber auch das Recht, den Besteller beim zust\u00e4ndigen Gericht seines Wohnsitzes oder bei jedem anderen zust\u00e4ndigen Gericht nach seiner Wahl zu belangen.<\/p>\n\n<p><\/p>\n\n<p>v 1.2 10\/11\/2025<\/p><\/div><\/div> <\/div><\/div>","protected":false},"excerpt":{"rendered":"","protected":false},"author":1,"featured_media":0,"parent":0,"menu_order":0,"comment_status":"closed","ping_status":"closed","template":"","meta":{"_gspb_post_css":"#gspb_row-id-gsbp-a58c98d8-f003{justify-content:space-between;margin-top:0;margin-bottom:0;display:flex;flex-wrap:wrap;padding-top:6rem;padding-bottom:6rem}#gspb_row-id-gsbp-a58c98d8-f003>.gspb_row__content{display:flex;justify-content:space-between;margin:0 auto;width:100%;flex-wrap:wrap;max-width:1240px}.gspb_row{position:relative}div[id^=gspb_col-id]{box-sizing:border-box;position:relative;padding:15px min(3vw,20px)}@media (max-width:575.98px){#gspb_row-id-gsbp-a58c98d8-f003{padding-top:3rem;padding-bottom:3rem}}#gspb_row-id-gsbp-a58c98d8-f003{background-color:var(--wp--preset--color--quinto, #F2F7FB);background-size:cover;background-repeat:no-repeat;background-position:22% 77%;background-image:url(https:\/\/laborreagenzien.ch\/wp-content\/uploads\/2023\/06\/hero_prodotti.jpeg);isolation:isolate}#gspb_row-id-gsbp-a58c98d8-f003:hover{background-size:cover}#gspb_row-id-gsbp-a58c98d8-f003>.gspb_backgroundOverlay{position:absolute;top:0;left:0;width:100%;height:100%;z-index:-1;opacity:.25;background-color:var(--wp--preset--color--contrast, #586A77)}#gspb_col-id-gsbp-d2205c12-46ec.gspb_row__col--12{width:100%}@media (max-width:575.98px){#gspb_col-id-gsbp-d2205c12-46ec.gspb_row__col--12{width:100%}}#gspb_heading-id-gsbp-609d80da-cfd5{font-size:2rem}@media (max-width:767.98px){#gspb_heading-id-gsbp-609d80da-cfd5{font-size:1.8rem}}#gspb_heading-id-gsbp-609d80da-cfd5,#gspb_heading-id-gsbp-609d80da-cfd5 .gsap-g-line{text-align:left!important}#gspb_heading-id-gsbp-609d80da-cfd5{font-weight:500!important;color:var(--wp--preset--color--base, #FFFFFF)}#gspb_row-id-gsbp-f52cd32f-1b0c{justify-content:space-between;margin-top:0;display:flex;flex-wrap:wrap;margin-top:3rem;margin-bottom:3px}#gspb_row-id-gsbp-f52cd32f-1b0c>.gspb_row__content{display:flex;justify-content:space-between;margin:0 auto;width:100%;flex-wrap:wrap;max-width:1240px}#gspb_col-id-gsbp-6f8ec93f-2036.gspb_row__col--12{width:100%}@media (max-width:575.98px){#gspb_col-id-gsbp-6f8ec93f-2036.gspb_row__col--12{width:100%}}.gspb_container-id-gsbp-cb3a5fad-02c9{flex-direction:column;box-sizing:border-box}#gspb_container-id-gsbp-cb3a5fad-02c9.gspb_container>p:last-of-type{margin-bottom:0}#gspb_container-id-gsbp-cb3a5fad-02c9.gspb_container{position:relative}","footnotes":""},"class_list":["post-3463","page","type-page","status-publish","hentry"],"acf":[],"yoast_head":"<!-- This site is optimized with the Yoast SEO plugin v24.0 - https:\/\/yoast.com\/wordpress\/plugins\/seo\/ -->\n<title>Verkaufsbedingungen | Carlo Erba Laborreagenzien<\/title>\n<meta name=\"description\" content=\"ECSA CHEMICALS AG: ALLGEMEINE VERKAUFS- UND LIEFERBEDINGUNGEN 1. G\u00dcLTIGKEIT UND ABSCHLUSS DER ALLGEMEINEN VERTRAGSBEDINGUNGEN UND DES VERTRAGES 1.1 Die\" \/>\n<meta name=\"robots\" content=\"index, follow, max-snippet:-1, max-image-preview:large, max-video-preview:-1\" \/>\n<link rel=\"canonical\" href=\"https:\/\/laborreagenzien.ch\/de\/verkaufsbedingungen\/\" \/>\n<meta property=\"og:locale\" content=\"de_DE\" \/>\n<meta property=\"og:type\" content=\"article\" \/>\n<meta property=\"og:title\" content=\"Verkaufsbedingungen | Carlo Erba Laborreagenzien\" \/>\n<meta property=\"og:description\" content=\"ECSA CHEMICALS AG: ALLGEMEINE VERKAUFS- UND LIEFERBEDINGUNGEN 1. G\u00dcLTIGKEIT UND ABSCHLUSS DER ALLGEMEINEN VERTRAGSBEDINGUNGEN UND DES VERTRAGES 1.1 Die\" \/>\n<meta property=\"og:url\" content=\"https:\/\/laborreagenzien.ch\/de\/verkaufsbedingungen\/\" \/>\n<meta property=\"og:site_name\" content=\"Carlo Erba Laborreagenzien\" \/>\n<meta property=\"article:modified_time\" content=\"2025-11-10T08:42:57+00:00\" \/>\n<meta property=\"og:image\" content=\"https:\/\/laborreagenzien.ch\/wp-content\/uploads\/2023\/06\/633d8e144d54eb303cc27068_chimica3.webp\" \/>\n\t<meta property=\"og:image:width\" content=\"1920\" \/>\n\t<meta property=\"og:image:height\" content=\"1080\" \/>\n\t<meta property=\"og:image:type\" content=\"image\/webp\" \/>\n<meta name=\"twitter:card\" content=\"summary_large_image\" \/>\n<meta name=\"twitter:label1\" content=\"Gesch\u00e4tzte Lesezeit\" \/>\n\t<meta name=\"twitter:data1\" content=\"7\u00a0Minuten\" \/>\n<script type=\"application\/ld+json\" class=\"yoast-schema-graph\">{\"@context\":\"https:\/\/schema.org\",\"@graph\":[{\"@type\":\"WebPage\",\"@id\":\"https:\/\/laborreagenzien.ch\/de\/verkaufsbedingungen\/\",\"url\":\"https:\/\/laborreagenzien.ch\/de\/verkaufsbedingungen\/\",\"name\":\"Verkaufsbedingungen | Carlo Erba Laborreagenzien\",\"isPartOf\":{\"@id\":\"https:\/\/laborreagenzien.ch\/de\/#website\"},\"datePublished\":\"2023-07-06T09:31:46+00:00\",\"dateModified\":\"2025-11-10T08:42:57+00:00\",\"description\":\"ECSA CHEMICALS AG: ALLGEMEINE VERKAUFS- UND LIEFERBEDINGUNGEN 1. G\u00dcLTIGKEIT UND ABSCHLUSS DER ALLGEMEINEN VERTRAGSBEDINGUNGEN UND DES VERTRAGES 1.1 Die\",\"breadcrumb\":{\"@id\":\"https:\/\/laborreagenzien.ch\/de\/verkaufsbedingungen\/#breadcrumb\"},\"inLanguage\":\"de\",\"potentialAction\":[{\"@type\":\"ReadAction\",\"target\":[\"https:\/\/laborreagenzien.ch\/de\/verkaufsbedingungen\/\"]}]},{\"@type\":\"BreadcrumbList\",\"@id\":\"https:\/\/laborreagenzien.ch\/de\/verkaufsbedingungen\/#breadcrumb\",\"itemListElement\":[{\"@type\":\"ListItem\",\"position\":1,\"name\":\"Home\",\"item\":\"https:\/\/laborreagenzien.ch\/de\/\"},{\"@type\":\"ListItem\",\"position\":2,\"name\":\"Verkaufsbedingungen\"}]},{\"@type\":\"WebSite\",\"@id\":\"https:\/\/laborreagenzien.ch\/de\/#website\",\"url\":\"https:\/\/laborreagenzien.ch\/de\/\",\"name\":\"Carlo Erba Laborreagenzien\",\"description\":\"Carlo Erba Laborreagenzien\",\"publisher\":{\"@id\":\"https:\/\/laborreagenzien.ch\/de\/#organization\"},\"alternateName\":\"ECSA Reagents\",\"potentialAction\":[{\"@type\":\"SearchAction\",\"target\":{\"@type\":\"EntryPoint\",\"urlTemplate\":\"https:\/\/laborreagenzien.ch\/de\/?s={search_term_string}\"},\"query-input\":{\"@type\":\"PropertyValueSpecification\",\"valueRequired\":true,\"valueName\":\"search_term_string\"}}],\"inLanguage\":\"de\"},{\"@type\":\"Organization\",\"@id\":\"https:\/\/laborreagenzien.ch\/de\/#organization\",\"name\":\"Carlo Erba Laborreagenzien\",\"alternateName\":\"ECSA Reagents\",\"url\":\"https:\/\/laborreagenzien.ch\/de\/\",\"logo\":{\"@type\":\"ImageObject\",\"inLanguage\":\"de\",\"@id\":\"https:\/\/laborreagenzien.ch\/de\/#\/schema\/logo\/image\/\",\"url\":\"\",\"contentUrl\":\"\",\"caption\":\"Carlo Erba Laborreagenzien\"},\"image\":{\"@id\":\"https:\/\/laborreagenzien.ch\/de\/#\/schema\/logo\/image\/\"},\"sameAs\":[\"https:\/\/www.linkedin.com\/company\/ecsa-chemicals\/\",\"https:\/\/www.youtube.com\/channel\/UC5gIJhXOexpzO-zHUSytU9g\"]}]}<\/script>\n<!-- \/ Yoast SEO plugin. -->","yoast_head_json":{"title":"Verkaufsbedingungen | Carlo Erba Laborreagenzien","description":"ECSA CHEMICALS AG: ALLGEMEINE VERKAUFS- UND LIEFERBEDINGUNGEN 1. G\u00dcLTIGKEIT UND ABSCHLUSS DER ALLGEMEINEN VERTRAGSBEDINGUNGEN UND DES VERTRAGES 1.1 Die","robots":{"index":"index","follow":"follow","max-snippet":"max-snippet:-1","max-image-preview":"max-image-preview:large","max-video-preview":"max-video-preview:-1"},"canonical":"https:\/\/laborreagenzien.ch\/de\/verkaufsbedingungen\/","og_locale":"de_DE","og_type":"article","og_title":"Verkaufsbedingungen | Carlo Erba Laborreagenzien","og_description":"ECSA CHEMICALS AG: ALLGEMEINE VERKAUFS- UND LIEFERBEDINGUNGEN 1. G\u00dcLTIGKEIT UND ABSCHLUSS DER ALLGEMEINEN VERTRAGSBEDINGUNGEN UND DES VERTRAGES 1.1 Die","og_url":"https:\/\/laborreagenzien.ch\/de\/verkaufsbedingungen\/","og_site_name":"Carlo Erba Laborreagenzien","article_modified_time":"2025-11-10T08:42:57+00:00","og_image":[{"width":1920,"height":1080,"url":"https:\/\/laborreagenzien.ch\/wp-content\/uploads\/2023\/06\/633d8e144d54eb303cc27068_chimica3.webp","type":"image\/webp"}],"twitter_card":"summary_large_image","twitter_misc":{"Gesch\u00e4tzte Lesezeit":"7\u00a0Minuten"},"schema":{"@context":"https:\/\/schema.org","@graph":[{"@type":"WebPage","@id":"https:\/\/laborreagenzien.ch\/de\/verkaufsbedingungen\/","url":"https:\/\/laborreagenzien.ch\/de\/verkaufsbedingungen\/","name":"Verkaufsbedingungen | Carlo Erba Laborreagenzien","isPartOf":{"@id":"https:\/\/laborreagenzien.ch\/de\/#website"},"datePublished":"2023-07-06T09:31:46+00:00","dateModified":"2025-11-10T08:42:57+00:00","description":"ECSA CHEMICALS AG: ALLGEMEINE VERKAUFS- UND LIEFERBEDINGUNGEN 1. G\u00dcLTIGKEIT UND ABSCHLUSS DER ALLGEMEINEN VERTRAGSBEDINGUNGEN UND DES VERTRAGES 1.1 Die","breadcrumb":{"@id":"https:\/\/laborreagenzien.ch\/de\/verkaufsbedingungen\/#breadcrumb"},"inLanguage":"de","potentialAction":[{"@type":"ReadAction","target":["https:\/\/laborreagenzien.ch\/de\/verkaufsbedingungen\/"]}]},{"@type":"BreadcrumbList","@id":"https:\/\/laborreagenzien.ch\/de\/verkaufsbedingungen\/#breadcrumb","itemListElement":[{"@type":"ListItem","position":1,"name":"Home","item":"https:\/\/laborreagenzien.ch\/de\/"},{"@type":"ListItem","position":2,"name":"Verkaufsbedingungen"}]},{"@type":"WebSite","@id":"https:\/\/laborreagenzien.ch\/de\/#website","url":"https:\/\/laborreagenzien.ch\/de\/","name":"Carlo Erba Laborreagenzien","description":"Carlo Erba Laborreagenzien","publisher":{"@id":"https:\/\/laborreagenzien.ch\/de\/#organization"},"alternateName":"ECSA Reagents","potentialAction":[{"@type":"SearchAction","target":{"@type":"EntryPoint","urlTemplate":"https:\/\/laborreagenzien.ch\/de\/?s={search_term_string}"},"query-input":{"@type":"PropertyValueSpecification","valueRequired":true,"valueName":"search_term_string"}}],"inLanguage":"de"},{"@type":"Organization","@id":"https:\/\/laborreagenzien.ch\/de\/#organization","name":"Carlo Erba Laborreagenzien","alternateName":"ECSA Reagents","url":"https:\/\/laborreagenzien.ch\/de\/","logo":{"@type":"ImageObject","inLanguage":"de","@id":"https:\/\/laborreagenzien.ch\/de\/#\/schema\/logo\/image\/","url":"","contentUrl":"","caption":"Carlo Erba Laborreagenzien"},"image":{"@id":"https:\/\/laborreagenzien.ch\/de\/#\/schema\/logo\/image\/"},"sameAs":["https:\/\/www.linkedin.com\/company\/ecsa-chemicals\/","https:\/\/www.youtube.com\/channel\/UC5gIJhXOexpzO-zHUSytU9g"]}]}},"_links":{"self":[{"href":"https:\/\/laborreagenzien.ch\/de\/wp-json\/wp\/v2\/pages\/3463","targetHints":{"allow":["GET"]}}],"collection":[{"href":"https:\/\/laborreagenzien.ch\/de\/wp-json\/wp\/v2\/pages"}],"about":[{"href":"https:\/\/laborreagenzien.ch\/de\/wp-json\/wp\/v2\/types\/page"}],"author":[{"embeddable":true,"href":"https:\/\/laborreagenzien.ch\/de\/wp-json\/wp\/v2\/users\/1"}],"replies":[{"embeddable":true,"href":"https:\/\/laborreagenzien.ch\/de\/wp-json\/wp\/v2\/comments?post=3463"}],"version-history":[{"count":3,"href":"https:\/\/laborreagenzien.ch\/de\/wp-json\/wp\/v2\/pages\/3463\/revisions"}],"predecessor-version":[{"id":35054,"href":"https:\/\/laborreagenzien.ch\/de\/wp-json\/wp\/v2\/pages\/3463\/revisions\/35054"}],"wp:attachment":[{"href":"https:\/\/laborreagenzien.ch\/de\/wp-json\/wp\/v2\/media?parent=3463"}],"curies":[{"name":"wp","href":"https:\/\/api.w.org\/{rel}","templated":true}]}}